{"id":2314,"date":"2017-03-06T11:21:39","date_gmt":"2017-03-06T10:21:39","guid":{"rendered":"https:\/\/alvdalenfiske.se\/annat-boende\/"},"modified":"2020-10-13T15:16:08","modified_gmt":"2020-10-13T13:16:08","slug":"andere-unterkunft","status":"publish","type":"page","link":"https:\/\/alvdalenfiske.se\/de\/andere-unterkunft\/","title":{"rendered":"Andere Unterkunft"},"content":{"rendered":"\n\t<section class=\"section sid-header dark has-parallax\" id=\"section_363093791\">\n\t\t<div class=\"section-bg fill\" data-parallax-container=\".section\" data-parallax-background data-parallax=\"-5\">\n\t\t\t<img loading=\"lazy\" decoding=\"async\" width=\"2000\" height=\"1333\" src=\"https:\/\/alvdalenfiske.se\/wp-content\/uploads\/2020\/10\/5-1-annat-boende-3.jpg\" class=\"bg attachment-original size-original\" alt=\"\" \/>\t\t\t\t\t\t<div class=\"section-bg-overlay absolute fill\"><\/div>\n\t\t\t\n\n\t\t<\/div>\n\n\t\t\n\n\t\t<div class=\"section-content relative\">\n\t\t\t\n<div class=\"row align-right header-text\"  id=\"row-1583888073\">\n\n\t<div id=\"col-1937338347\" class=\"col medium-6 small-12 large-12\"  >\n\t\t\t\t<div class=\"col-inner dark\"  >\n\t\t\t\n\t\t\t\n<h1 class=\"p1\" style=\"text-align: right;\">ANDERE UNTERKUNFT<\/h1>\n\t\t<\/div>\n\t\t\t\t\t<\/div>\n\n\t\n<\/div>\n\t\t<\/div>\n\n\t\t\n<style>\n#section_363093791 {\n  padding-top: 90px;\n  padding-bottom: 90px;\n  min-height: 400px;\n}\n#section_363093791 .section-bg-overlay {\n  background-color: rgba(0,0,0,.5);\n}\n#section_363093791 .section-bg img {\n  object-position: 82% 84%;\n}\n@media (min-width:550px) {\n  #section_363093791 {\n    padding-top: 90px;\n    padding-bottom: 90px;\n  }\n}\n@media (min-width:850px) {\n  #section_363093791 {\n    min-height: 300px;\n  }\n}\n<\/style>\n\t<\/section>\n\t\n\n\t<section class=\"section\" id=\"section_1305976723\">\n\t\t<div class=\"section-bg fill\" >\n\t\t\t\t\t\t\t\t\t\n\t\t\t\n\n\t\t<\/div>\n\n\t\t\n\n\t\t<div class=\"section-content relative\">\n\t\t\t\n<div class=\"row\"  id=\"row-1650671366\">\n\n\t<div id=\"col-1201167140\" class=\"col medium-8 small-12 large-8\"  >\n\t\t\t\t<div class=\"col-inner text-left\"  >\n\t\t\t\n\t\t\t\n<h3 class=\"p1\">ANDERE UNTERKUNFT<\/h3>\n<div class=\"page-section-content vc_row-fluid mk-grid\">\n<div class=\"mk-padding-wrapper\">\n<div>Hedg\u00e5rden Ferien auf dem Bauernhof, Bed &amp; Breakfast, sch\u00f6ne Zimmer und sehr guter Service.<\/p>\n<\/div>\n<p>W\u00e4sabergen Freizeitgebiet mit H\u00fcttendorf (H\u00fctten von 4 \u2013 10 Betten), Paintball, Mountainbike, Axtwerfen, Kletterm\u00f6glichkeiten und vieles mehr.<\/p>\n<p>Hotel \u00c4lvdalen Gutes Hotel mit u.a. Whirlpool und Sauna und renommierter K\u00fcche.<\/p>\n<p>Jugendherberge Tre Bj\u00f6rnar \u2013 STF \/ Svenska Turistf\u00f6rening \u2013 Rabatt f\u00fcr Mitglieder.<\/p>\n<\/div>\n<\/div>\n<p><strong><a href=\"http:\/\/www.alvdalenturism.se\/\" target=\"_blank\" rel=\"noopener noreferrer\">\u00c4lvdalens Turistbyr\u00e5<\/a><\/strong><br \/>Tel + 46 (0)251 \u2013 410 10.<\/p>\n<p><strong><a href=\"http:\/\/www.hotellalvdalen.se\/\" target=\"_blank\" rel=\"noopener noreferrer\">Hotell \u00c4lvdalen<\/a><\/strong><br \/>Tel. + 46 (0)251 \u2013 105 00.<\/p>\n<p><strong><a href=\"http:\/\/www.hedgarden.nu\/\" target=\"_blank\" rel=\"noopener noreferrer\">Hedg\u00e5rden<\/a><\/strong><br \/>Tel. + 46 (0)251 \u2013 100 43.<\/p>\n\t\t<\/div>\n\t\t\t\t\t<\/div>\n\n\t\n<\/div>\n\t\t<\/div>\n\n\t\t\n<style>\n#section_1305976723 {\n  padding-top: 30px;\n  padding-bottom: 30px;\n}\n@media (min-width:550px) {\n  #section_1305976723 {\n    padding-top: 60px;\n    padding-bottom: 60px;\n  }\n}\n@media (min-width:850px) {\n  #section_1305976723 {\n    padding-top: 90px;\n    padding-bottom: 90px;\n  }\n}\n<\/style>\n\t<\/section>\n\t\n","protected":false},"excerpt":{"rendered":"","protected":false},"author":2,"featured_media":0,"parent":0,"menu_order":0,"comment_status":"closed","ping_status":"closed","template":"page-blank.php","meta":{"footnotes":""},"class_list":["post-2314","page","type-page","status-publish","hentry"],"yoast_head":"<!-- This site is optimized with the Yoast SEO plugin v27.4 - https:\/\/yoast.com\/product\/yoast-seo-wordpress\/ -->\n<title>Bo p\u00e5 Hotell eller vandrarhem i \u00c4lvdalen | \u00c4lvdalen Fiske<\/title>\n<meta name=\"description\" content=\"S\u00f6ker du boende p\u00e5 vandrarhem eller hotell i \u00c4lvdalen? H\u00e4r ger vi f\u00f6rslag p\u00e5 n\u00e5gra av de boenden som brukar vara omtyckta.\" \/>\n<meta name=\"robots\" content=\"index, follow, max-snippet:-1, max-image-preview:large, max-video-preview:-1\" \/>\n<link rel=\"canonical\" href=\"https:\/\/alvdalenfiske.se\/de\/andere-unterkunft\/\" \/>\n<meta property=\"og:locale\" content=\"de_DE\" \/>\n<meta property=\"og:type\" content=\"article\" \/>\n<meta property=\"og:title\" content=\"Bo p\u00e5 Hotell eller vandrarhem i \u00c4lvdalen | \u00c4lvdalen Fiske\" \/>\n<meta property=\"og:description\" content=\"S\u00f6ker du boende p\u00e5 vandrarhem eller hotell i \u00c4lvdalen? H\u00e4r ger vi f\u00f6rslag p\u00e5 n\u00e5gra av de boenden som brukar vara omtyckta.\" \/>\n<meta property=\"og:url\" content=\"https:\/\/alvdalenfiske.se\/de\/andere-unterkunft\/\" \/>\n<meta property=\"og:site_name\" content=\"\u00c4lvdalens Fiskecenter - fiska i Dalarna\" \/>\n<meta property=\"article:modified_time\" content=\"2020-10-13T13:16:08+00:00\" \/>\n<meta name=\"twitter:card\" content=\"summary_large_image\" \/>\n<meta name=\"twitter:label1\" content=\"Gesch\u00e4tzte Lesezeit\" \/>\n\t<meta name=\"twitter:data1\" content=\"1\u00a0Minute\" \/>\n<script type=\"application\/ld+json\" class=\"yoast-schema-graph\">{\"@context\":\"https:\\\/\\\/schema.org\",\"@graph\":[{\"@type\":\"WebPage\",\"@id\":\"https:\\\/\\\/alvdalenfiske.se\\\/de\\\/andere-unterkunft\\\/\",\"url\":\"https:\\\/\\\/alvdalenfiske.se\\\/de\\\/andere-unterkunft\\\/\",\"name\":\"Bo p\u00e5 Hotell eller vandrarhem i \u00c4lvdalen | \u00c4lvdalen Fiske\",\"isPartOf\":{\"@id\":\"https:\\\/\\\/alvdalenfiske.se\\\/#website\"},\"datePublished\":\"2017-03-06T10:21:39+00:00\",\"dateModified\":\"2020-10-13T13:16:08+00:00\",\"description\":\"S\u00f6ker du boende p\u00e5 vandrarhem eller hotell i \u00c4lvdalen? H\u00e4r ger vi f\u00f6rslag p\u00e5 n\u00e5gra av de boenden som brukar vara omtyckta.\",\"breadcrumb\":{\"@id\":\"https:\\\/\\\/alvdalenfiske.se\\\/de\\\/andere-unterkunft\\\/#breadcrumb\"},\"inLanguage\":\"de\",\"potentialAction\":[{\"@type\":\"ReadAction\",\"target\":[\"https:\\\/\\\/alvdalenfiske.se\\\/de\\\/andere-unterkunft\\\/\"]}]},{\"@type\":\"BreadcrumbList\",\"@id\":\"https:\\\/\\\/alvdalenfiske.se\\\/de\\\/andere-unterkunft\\\/#breadcrumb\",\"itemListElement\":[{\"@type\":\"ListItem\",\"position\":1,\"name\":\"Hem\",\"item\":\"https:\\\/\\\/alvdalenfiske.se\\\/de\\\/\"},{\"@type\":\"ListItem\",\"position\":2,\"name\":\"Andere Unterkunft\"}]},{\"@type\":\"WebSite\",\"@id\":\"https:\\\/\\\/alvdalenfiske.se\\\/#website\",\"url\":\"https:\\\/\\\/alvdalenfiske.se\\\/\",\"name\":\"\u00c4lvdalens Fiskecenter - fiska i Dalarna\",\"description\":\"Where the big fishes lures\",\"potentialAction\":[{\"@type\":\"SearchAction\",\"target\":{\"@type\":\"EntryPoint\",\"urlTemplate\":\"https:\\\/\\\/alvdalenfiske.se\\\/?s={search_term_string}\"},\"query-input\":{\"@type\":\"PropertyValueSpecification\",\"valueRequired\":true,\"valueName\":\"search_term_string\"}}],\"inLanguage\":\"de\"}]}<\/script>\n<!-- \/ Yoast SEO plugin. -->","yoast_head_json":{"title":"Bo p\u00e5 Hotell eller vandrarhem i \u00c4lvdalen | \u00c4lvdalen Fiske","description":"S\u00f6ker du boende p\u00e5 vandrarhem eller hotell i \u00c4lvdalen? H\u00e4r ger vi f\u00f6rslag p\u00e5 n\u00e5gra av de boenden som brukar vara omtyckta.","robots":{"index":"index","follow":"follow","max-snippet":"max-snippet:-1","max-image-preview":"max-image-preview:large","max-video-preview":"max-video-preview:-1"},"canonical":"https:\/\/alvdalenfiske.se\/de\/andere-unterkunft\/","og_locale":"de_DE","og_type":"article","og_title":"Bo p\u00e5 Hotell eller vandrarhem i \u00c4lvdalen | \u00c4lvdalen Fiske","og_description":"S\u00f6ker du boende p\u00e5 vandrarhem eller hotell i \u00c4lvdalen? H\u00e4r ger vi f\u00f6rslag p\u00e5 n\u00e5gra av de boenden som brukar vara omtyckta.","og_url":"https:\/\/alvdalenfiske.se\/de\/andere-unterkunft\/","og_site_name":"\u00c4lvdalens Fiskecenter - fiska i Dalarna","article_modified_time":"2020-10-13T13:16:08+00:00","twitter_card":"summary_large_image","twitter_misc":{"Gesch\u00e4tzte Lesezeit":"1\u00a0Minute"},"schema":{"@context":"https:\/\/schema.org","@graph":[{"@type":"WebPage","@id":"https:\/\/alvdalenfiske.se\/de\/andere-unterkunft\/","url":"https:\/\/alvdalenfiske.se\/de\/andere-unterkunft\/","name":"Bo p\u00e5 Hotell eller vandrarhem i \u00c4lvdalen | \u00c4lvdalen Fiske","isPartOf":{"@id":"https:\/\/alvdalenfiske.se\/#website"},"datePublished":"2017-03-06T10:21:39+00:00","dateModified":"2020-10-13T13:16:08+00:00","description":"S\u00f6ker du boende p\u00e5 vandrarhem eller hotell i \u00c4lvdalen? H\u00e4r ger vi f\u00f6rslag p\u00e5 n\u00e5gra av de boenden som brukar vara omtyckta.","breadcrumb":{"@id":"https:\/\/alvdalenfiske.se\/de\/andere-unterkunft\/#breadcrumb"},"inLanguage":"de","potentialAction":[{"@type":"ReadAction","target":["https:\/\/alvdalenfiske.se\/de\/andere-unterkunft\/"]}]},{"@type":"BreadcrumbList","@id":"https:\/\/alvdalenfiske.se\/de\/andere-unterkunft\/#breadcrumb","itemListElement":[{"@type":"ListItem","position":1,"name":"Hem","item":"https:\/\/alvdalenfiske.se\/de\/"},{"@type":"ListItem","position":2,"name":"Andere Unterkunft"}]},{"@type":"WebSite","@id":"https:\/\/alvdalenfiske.se\/#website","url":"https:\/\/alvdalenfiske.se\/","name":"\u00c4lvdalens Fiskecenter - fiska i Dalarna","description":"Where the big fishes lures","potentialAction":[{"@type":"SearchAction","target":{"@type":"EntryPoint","urlTemplate":"https:\/\/alvdalenfiske.se\/?s={search_term_string}"},"query-input":{"@type":"PropertyValueSpecification","valueRequired":true,"valueName":"search_term_string"}}],"inLanguage":"de"}]}},"_links":{"self":[{"href":"https:\/\/alvdalenfiske.se\/de\/wp-json\/wp\/v2\/pages\/2314","targetHints":{"allow":["GET"]}}],"collection":[{"href":"https:\/\/alvdalenfiske.se\/de\/wp-json\/wp\/v2\/pages"}],"about":[{"href":"https:\/\/alvdalenfiske.se\/de\/wp-json\/wp\/v2\/types\/page"}],"author":[{"embeddable":true,"href":"https:\/\/alvdalenfiske.se\/de\/wp-json\/wp\/v2\/users\/2"}],"replies":[{"embeddable":true,"href":"https:\/\/alvdalenfiske.se\/de\/wp-json\/wp\/v2\/comments?post=2314"}],"version-history":[{"count":7,"href":"https:\/\/alvdalenfiske.se\/de\/wp-json\/wp\/v2\/pages\/2314\/revisions"}],"predecessor-version":[{"id":5381,"href":"https:\/\/alvdalenfiske.se\/de\/wp-json\/wp\/v2\/pages\/2314\/revisions\/5381"}],"wp:attachment":[{"href":"https:\/\/alvdalenfiske.se\/de\/wp-json\/wp\/v2\/media?parent=2314"}],"curies":[{"name":"wp","href":"https:\/\/api.w.org\/{rel}","templated":true}]}}