{"id":2364,"date":"2017-03-13T15:33:10","date_gmt":"2017-03-13T14:33:10","guid":{"rendered":"https:\/\/alvdalenfiske.se\/boka\/"},"modified":"2020-05-18T10:26:11","modified_gmt":"2020-05-18T08:26:11","slug":"reservieren","status":"publish","type":"page","link":"https:\/\/alvdalenfiske.se\/de\/reservieren\/","title":{"rendered":"Reservieren"},"content":{"rendered":"\n\t<section class=\"section sid-header dark has-parallax\" id=\"section_1438218109\">\n\t\t<div class=\"section-bg fill\" data-parallax-container=\".section\" data-parallax-background data-parallax=\"-5\">\n\t\t\t<img loading=\"lazy\" decoding=\"async\" width=\"2560\" height=\"1318\" src=\"https:\/\/alvdalenfiske.se\/wp-content\/uploads\/2017\/03\/danica1-insta-1-scaled.jpg\" class=\"bg attachment-original size-original\" alt=\"\" \/>\t\t\t\t\t\t\n\t\t\t\n\n\t\t<\/div>\n\n\t\t\n\n\t\t<div class=\"section-content relative\">\n\t\t\t\n<div class=\"row align-right header-text\"  id=\"row-1210431937\">\n\n\t<div id=\"col-981877322\" class=\"col medium-6 small-12 large-12\"  >\n\t\t\t\t<div class=\"col-inner dark\"  >\n\t\t\t\n\t\t\t\n<h1 style=\"text-align: right;\">GRUNDERNA<\/h1>\n\t\t<\/div>\n\t\t\t\t\t<\/div>\n\n\t\n<\/div>\n\t\t<\/div>\n\n\t\t\n<style>\n#section_1438218109 {\n  padding-top: 90px;\n  padding-bottom: 90px;\n  min-height: 400px;\n}\n#section_1438218109 .section-bg img {\n  object-position: 39% 89%;\n}\n@media (min-width:550px) {\n  #section_1438218109 {\n    padding-top: 90px;\n    padding-bottom: 90px;\n  }\n}\n@media (min-width:850px) {\n  #section_1438218109 {\n    min-height: 300px;\n  }\n}\n<\/style>\n\t<\/section>\n\t\n\n\t<section class=\"section\" id=\"section_2128693594\">\n\t\t<div class=\"section-bg fill\" >\n\t\t\t\t\t\t\t\t\t\n\t\t\t\n\n\t\t<\/div>\n\n\t\t\n\n\t\t<div class=\"section-content relative\">\n\t\t\t\n<div class=\"row align-middle\"  id=\"row-1335479767\">\n\n\t<div id=\"col-2099077831\" class=\"col medium-8 small-12 large-8\"  >\n\t\t\t\t<div class=\"col-inner text-left\"  >\n\t\t\t\n\t\t\t\n<h3>Grunderna i flugfiske. (Inkl. fiske med guide)<\/h3>\n<p>I Steg 1 g\u00e5r vi igenom fiskeutrustningen, grundl\u00e4ggande kastteknik, s\u00e4ker vadning, att l\u00e4sa vattnet och konsten f\u00e5nga och hantera fisk med flugsp\u00f6.<\/p>\n<p>Grundkursen p\u00e5g\u00e5r vanligtvis mellan kl. 09.00 och 17.00. och kan anordnas vilken dag som helst i veckan, allt efter era \u00f6nskem\u00e5l.<\/p>\n<p><strong>Inneh\u00e5ll:<\/strong><br \/>\nDagen startar med kasttr\u00e4ning p\u00e5 land f\u00f6r att l\u00e4ra sig grundl\u00e4ggande kastteknik under \u201dgynnsamma f\u00f6rh\u00e5llanden\u201d.<\/p>\n<p>Mitt p\u00e5 dagen \u00e5ker ni ner till \u00e4lven f\u00f6r att \u00e4ta lunch. Instrukt\u00f6ren ber\u00e4ttar under tiden om olika fisketekniker, hur man vadar s\u00e4kert, vilka flugor som \u00e4r g\u00e5ngbara, hur man kan \u201dl\u00e4sa\u201d ett vatten och var fisken normalt st\u00e5r.<\/p>\n<p>Efter lunch blir det fiske, nu f\u00e5r ni prova era nyvunna kunskaper och f\u00f6rhoppningsvis f\u00e5nga er f\u00f6rsta harr eller \u00f6ring p\u00e5 fluga. Det \u00e4r en k\u00e4nsla ut\u00f6ver det vanliga, det lovar vi.<\/p>\n<p>Vid 17 tiden \u00e4r guidningen \u00f6ver, men forts\u00e4tt g\u00e4rna fiska i \u00e4lven.<\/p>\n<p>L\u00e4ttare lunch lagas till och serveras av guiden under fisketuren.<\/p>\n<p>Alternativ:\u00a0<a href=\"https:\/\/alvdalenfiske.se\/kontakt\/\">(Kontakta oss f\u00f6r pris p\u00e5 ytterligare deltagare.)<\/a><\/p>\n<p><strong>Boende p\u00e5 campingen<\/strong>\u00a0en natt i fyrb\u00e4ddsstuga med pentry.<br \/>\nPris: 3 910 kr. G\u00e4ller h\u00f6gst 2 pers.<\/p>\n<p><strong>Boende p\u00e5 Hotell \u00c4lvdalen<\/strong>\u00a0<em>en natt i tv\u00e5b\u00e4ddsrum inkl. frukost.<\/em><br \/>\nPris: 4486 kr\/rum. G\u00e4ller 2 pers.<\/p>\n<p><strong>Utan boende.<\/strong><br \/>\nPris: 3 390 kr. G\u00e4ller h\u00f6gst 2 pers.<\/p>\n\t\t<\/div>\n\t\t\t\t\t<\/div>\n\n\t\n\n\t<div id=\"col-2010705510\" class=\"col pris-aktivitet medium-4 small-12 large-4\"  >\n\t\t\t\t<div class=\"col-inner dark\" style=\"background-color:rgb(22, 28, 37);\" >\n\t\t\t\n\t\t\t\n\n\t\t<div class=\"icon-box featured-box icon-box-center text-center is-large\"  >\n\t\t\t\t\t<div class=\"icon-box-img has-icon-bg\" style=\"width: 128px\">\n\t\t\t\t<div class=\"icon\">\n\t\t\t\t\t<div class=\"icon-inner\" style=\"border-width:2px;color:rgb(57, 75, 63);\">\n\t\t\t\t\t\t<?xml version=\"1.0\" encoding=\"UTF-8\"?> <!-- Generator: Adobe Illustrator 19.0.0, SVG Export Plug-In . SVG Version: 6.00 Build 0) --> <svg xmlns=\"http:\/\/www.w3.org\/2000\/svg\" xmlns:xlink=\"http:\/\/www.w3.org\/1999\/xlink\" version=\"1.1\" id=\"Layer_1\" x=\"0px\" y=\"0px\" viewBox=\"0 0 511.998 511.998\" style=\"enable-background:new 0 0 511.998 511.998;\" xml:space=\"preserve\"> <g> <g> <rect x=\"276.709\" y=\"207.536\" width=\"15.198\" height=\"96.924\"><\/rect> <\/g> <\/g> <g> <g> <rect x=\"312.111\" y=\"207.536\" width=\"15.198\" height=\"96.924\"><\/rect> <\/g> <\/g> <g> <g> <rect x=\"347.523\" y=\"207.536\" width=\"15.198\" height=\"96.924\"><\/rect> <\/g> <\/g> <g> <g> <path d=\"M440.377,229.016c-14.877,0-26.982,12.104-26.982,26.983s12.104,26.983,26.982,26.983s26.982-12.104,26.982-26.983 C467.359,241.121,455.255,229.016,440.377,229.016z M440.378,267.784c-6.498,0-11.784-5.287-11.784-11.785 s5.286-11.785,11.784-11.785c6.497,0,11.784,5.287,11.784,11.785S446.876,267.784,440.378,267.784z\"><\/path> <\/g> <\/g> <g> <g> <path d=\"M511.362,253.845c-0.418-1.415-10.602-35.058-40.92-68.972c-17.817-19.93-38.928-35.813-62.746-47.208 c-17.782-8.507-37.096-14.479-57.719-17.917L327.565,75.43h-110.8l24.849,49.142c-12.393,3.357-24.232,7.722-35.462,13.094 c-23.819,11.395-44.93,27.278-62.746,47.208c-17.33,19.387-28.074,38.672-34.183,51.912c-4.444-8.553-10.825-19.486-19.169-30.49 c-23.874-31.48-52.386-48.119-82.455-48.119H0v195.646h7.599c30.069,0,58.581-16.639,82.454-48.119 c8.344-11.003,14.725-21.936,19.169-30.49c6.11,13.24,16.853,32.526,34.183,51.912c17.816,19.93,38.928,35.813,62.746,47.208 c11.229,5.372,23.069,9.737,35.461,13.094l-24.848,49.14h110.8l22.41-44.317c20.623-3.437,39.938-9.41,57.72-17.917 c23.819-11.395,44.93-27.278,62.746-47.208c30.317-33.914,40.501-67.556,40.92-68.972l0.637-2.155L511.362,253.845z M15.198,338.189v-74.591h63.658V248.4H15.198v-74.589c50.509,5.824,80.308,68.284,86.342,82.189 C95.503,269.914,65.703,332.365,15.198,338.189z M241.481,90.628h76.739l13.538,26.772c-0.383-0.035-0.771-0.06-1.156-0.092 c-1.497-0.131-2.995-0.255-4.503-0.36c-0.686-0.049-1.376-0.085-2.064-0.128c-1.401-0.087-2.802-0.174-4.214-0.239 c-0.999-0.047-2.003-0.075-3.005-0.11c-1.12-0.04-2.234-0.087-3.36-0.113c-2.171-0.051-4.349-0.079-6.532-0.079 c-2.243,0-4.476,0.028-6.7,0.081c-0.878,0.021-1.746,0.063-2.62,0.091c-1.332,0.045-2.665,0.084-3.988,0.148 c-1.046,0.05-2.081,0.119-3.12,0.181c-1.148,0.068-2.299,0.132-3.44,0.214c-1.062,0.076-2.115,0.171-3.169,0.26 c-1.122,0.095-2.244,0.186-3.359,0.295c-1.008,0.099-2.008,0.212-3.01,0.321c-1.172,0.128-2.345,0.257-3.509,0.401 c-0.91,0.112-1.816,0.236-2.72,0.359c-1.265,0.171-2.526,0.346-3.78,0.535c-0.793,0.12-1.583,0.246-2.372,0.373 c-1.372,0.221-2.737,0.45-4.095,0.693c-0.678,0.122-1.354,0.247-2.028,0.374c-0.723,0.133-1.453,0.254-2.172,0.397L241.481,90.628 z M318.221,421.37h-76.739l15.358-30.373c0.696,0.138,1.403,0.255,2.102,0.387c0.717,0.136,1.437,0.27,2.157,0.398 c1.317,0.234,2.64,0.457,3.969,0.671c0.826,0.134,1.652,0.266,2.481,0.392c1.221,0.183,2.448,0.354,3.678,0.52 c0.934,0.127,1.868,0.254,2.809,0.37c1.139,0.141,2.284,0.266,3.43,0.393c1.024,0.111,2.048,0.228,3.077,0.327 c1.095,0.106,2.2,0.197,3.302,0.29c1.072,0.091,2.141,0.187,3.219,0.265c1.13,0.081,2.268,0.144,3.402,0.212 c1.05,0.062,2.095,0.133,3.15,0.183c1.313,0.063,2.636,0.102,3.959,0.146c0.885,0.029,1.763,0.071,2.651,0.092 c2.222,0.053,4.454,0.081,6.696,0.081c2.183,0,4.361-0.028,6.533-0.079c1.124-0.026,2.237-0.074,3.355-0.114 c1.004-0.035,2.01-0.065,3.011-0.11c1.411-0.066,2.812-0.152,4.212-0.239c0.688-0.043,1.378-0.079,2.064-0.128 c1.512-0.105,3.013-0.231,4.512-0.362c0.382-0.035,0.767-0.059,1.148-0.093L318.221,421.37z M459.112,316.997 c-16.472,18.426-35.977,33.105-57.975,43.628c-2.465,1.179-4.975,2.288-7.504,3.363V344.29h-15.198v25.413 c-10.589,3.477-21.665,6.13-33.195,7.932l-1.334,0.2c-0.316,0.048-0.636,0.088-0.953,0.134c-2.278,0.332-4.576,0.63-6.89,0.899 c-0.62,0.071-1.239,0.144-1.861,0.211c-1.109,0.12-2.223,0.231-3.341,0.336c-0.7,0.065-1.404,0.125-2.108,0.184 c-1.47,0.126-2.945,0.238-4.426,0.337c-1.215,0.081-2.429,0.161-3.652,0.226c-0.799,0.042-1.603,0.073-2.406,0.107 c-1.2,0.052-2.401,0.097-3.609,0.132c-0.674,0.02-1.349,0.041-2.024,0.056c-1.895,0.04-3.796,0.068-5.709,0.068 c-2.245,0-4.478-0.03-6.7-0.086c-0.619-0.015-1.229-0.048-1.845-0.067c-1.602-0.052-3.202-0.105-4.789-0.185 c-0.743-0.037-1.476-0.092-2.216-0.136c-1.444-0.086-2.888-0.172-4.32-0.283c-0.837-0.064-1.666-0.145-2.499-0.217 c-1.306-0.113-2.611-0.227-3.906-0.362c-0.95-0.098-1.893-0.211-2.837-0.32c-1.144-0.132-2.289-0.263-3.425-0.411 c-1.074-0.14-2.14-0.294-3.207-0.448c-0.976-0.141-1.95-0.282-2.919-0.435c-1.185-0.187-2.364-0.388-3.539-0.593 c-0.829-0.144-1.657-0.29-2.48-0.442c-1.254-0.233-2.503-0.479-3.747-0.734c-0.748-0.152-1.493-0.308-2.236-0.468 c-15.287-3.292-29.714-8.135-43.164-14.533c-21.957-10.442-41.445-25.017-57.92-43.321c-18.79-20.874-29.402-41.99-34.432-53.888 h132.644V248.4H120.725c4.964-11.775,15.416-32.595,34.012-53.396c16.472-18.426,35.977-33.105,57.975-43.628 c13.538-6.477,28.066-11.375,43.469-14.7c0.698-0.15,1.399-0.296,2.101-0.44c1.292-0.266,2.589-0.523,3.894-0.766 c0.778-0.146,1.562-0.282,2.347-0.418c1.223-0.215,2.45-0.425,3.683-0.619c0.931-0.148,1.868-0.282,2.806-0.417 c1.106-0.161,2.214-0.322,3.328-0.468c1.109-0.145,2.227-0.274,3.344-0.402c0.974-0.112,1.945-0.231,2.925-0.331 c1.282-0.133,2.574-0.244,3.865-0.357c0.848-0.074,1.691-0.156,2.544-0.222c1.434-0.11,2.881-0.197,4.326-0.283 c0.74-0.044,1.474-0.099,2.217-0.137c1.594-0.081,3.2-0.135,4.807-0.186c0.615-0.02,1.225-0.052,1.842-0.067 c2.227-0.057,4.464-0.086,6.714-0.086c1.907,0,3.8,0.028,5.687,0.068c0.677,0.015,1.354,0.034,2.029,0.055 c1.197,0.034,2.387,0.08,3.576,0.13c0.81,0.035,1.62,0.068,2.427,0.109c1.148,0.061,2.289,0.136,3.43,0.211 c1.551,0.101,3.096,0.219,4.635,0.35c0.703,0.06,1.407,0.118,2.107,0.183c1.107,0.104,2.211,0.216,3.31,0.333 c0.647,0.069,1.292,0.145,1.937,0.219c2.326,0.27,4.636,0.568,6.925,0.903c0.286,0.042,0.573,0.077,0.859,0.12l1.212,0.181 c11.595,1.803,22.733,4.462,33.376,7.959v181.727h15.198V148.011c2.399,1.02,4.78,2.069,7.121,3.183 c21.957,10.442,41.445,25.017,57.919,43.321c24.039,26.705,34.693,53.805,37.397,61.493 C493.399,263.651,482.942,290.34,459.112,316.997z\"><\/path> <\/g> <\/g> <g> <\/g> <g> <\/g> <g> <\/g> <g> <\/g> <g> <\/g> <g> <\/g> <g> <\/g> <g> <\/g> <g> <\/g> <g> <\/g> <g> <\/g> <g> <\/g> <g> <\/g> <g> <\/g> <g> <\/g> <\/svg> \t\t\t\t\t<\/div>\n\t\t\t\t<\/div>\n\t\t\t<\/div>\n\t\t\t\t<div class=\"icon-box-text last-reset\">\n\t\t\t\t\t\t\t\t\t\n<h5>Visste du att?<\/h5>\n<div class=\"is-divider divider clearfix\" style=\"margin-top:0.5em;margin-bottom:0.5em;max-width:40px;\"><\/div>\n<p>XXXX XXXXX XXXXXXXX<\/p>\n\t<div id=\"gap-593831483\" class=\"gap-element clearfix\" style=\"display:block; height:auto;\">\n\t\t\n<style>\n#gap-593831483 {\n  padding-top: 30px;\n}\n<\/style>\n\t<\/div>\n\t\n<a class=\"button white is-outline\" >\n\t\t<span>XXXX XXXX XXXXX<\/span>\n\t<\/a>\n\n\t\t<\/div>\n\t<\/div>\n\t\n\t\n\t\t<\/div>\n\t\t\t\t\n<style>\n#col-2010705510 > .col-inner {\n  padding: 10% 10% 10% 10%;\n}\n<\/style>\n\t<\/div>\n\n\t\n<\/div>\n\t\t<\/div>\n\n\t\t\n<style>\n#section_2128693594 {\n  padding-top: 30px;\n  padding-bottom: 30px;\n}\n@media (min-width:550px) {\n  #section_2128693594 {\n    padding-top: 60px;\n    padding-bottom: 60px;\n  }\n}\n@media (min-width:850px) {\n  #section_2128693594 {\n    padding-top: 90px;\n    padding-bottom: 90px;\n  }\n}\n<\/style>\n\t<\/section>\n\t\n","protected":false},"excerpt":{"rendered":"","protected":false},"author":2,"featured_media":0,"parent":0,"menu_order":0,"comment_status":"closed","ping_status":"closed","template":"page-blank.php","meta":{"footnotes":""},"class_list":["post-2364","page","type-page","status-publish","hentry"],"yoast_head":"<!-- This site is optimized with the Yoast SEO plugin v27.4 - https:\/\/yoast.com\/product\/yoast-seo-wordpress\/ -->\n<title>Boka fisketur i Dalarna | \u00c4lvdalen Fiske erbjuder guidade fisketurer<\/title>\n<meta name=\"description\" content=\"Boka din kurs i flugfiske eller din guidade fisketur i Dalarna online p\u00e5 alvdalenfiske.se Har du speciella \u00f6nskem\u00e5l s\u00e5 hj\u00e4lper vi dig sj\u00e4lvklart!\" \/>\n<meta name=\"robots\" content=\"index, follow, max-snippet:-1, max-image-preview:large, max-video-preview:-1\" \/>\n<link rel=\"canonical\" href=\"https:\/\/alvdalenfiske.se\/de\/reservieren\/\" \/>\n<meta property=\"og:locale\" content=\"de_DE\" \/>\n<meta property=\"og:type\" content=\"article\" \/>\n<meta property=\"og:title\" content=\"Boka fisketur i Dalarna | \u00c4lvdalen Fiske erbjuder guidade fisketurer\" \/>\n<meta property=\"og:description\" content=\"Boka din kurs i flugfiske eller din guidade fisketur i Dalarna online p\u00e5 alvdalenfiske.se Har du speciella \u00f6nskem\u00e5l s\u00e5 hj\u00e4lper vi dig sj\u00e4lvklart!\" \/>\n<meta property=\"og:url\" content=\"https:\/\/alvdalenfiske.se\/de\/reservieren\/\" \/>\n<meta property=\"og:site_name\" content=\"\u00c4lvdalens Fiskecenter - fiska i Dalarna\" \/>\n<meta property=\"article:modified_time\" content=\"2020-05-18T08:26:11+00:00\" \/>\n<meta name=\"twitter:card\" content=\"summary_large_image\" \/>\n<meta name=\"twitter:label1\" content=\"Gesch\u00e4tzte Lesezeit\" \/>\n\t<meta name=\"twitter:data1\" content=\"2\u00a0Minuten\" \/>\n<script type=\"application\/ld+json\" class=\"yoast-schema-graph\">{\"@context\":\"https:\\\/\\\/schema.org\",\"@graph\":[{\"@type\":\"WebPage\",\"@id\":\"https:\\\/\\\/alvdalenfiske.se\\\/de\\\/reservieren\\\/\",\"url\":\"https:\\\/\\\/alvdalenfiske.se\\\/de\\\/reservieren\\\/\",\"name\":\"Boka fisketur i Dalarna | \u00c4lvdalen Fiske erbjuder guidade fisketurer\",\"isPartOf\":{\"@id\":\"https:\\\/\\\/alvdalenfiske.se\\\/#website\"},\"datePublished\":\"2017-03-13T14:33:10+00:00\",\"dateModified\":\"2020-05-18T08:26:11+00:00\",\"description\":\"Boka din kurs i flugfiske eller din guidade fisketur i Dalarna online p\u00e5 alvdalenfiske.se Har du speciella \u00f6nskem\u00e5l s\u00e5 hj\u00e4lper vi dig sj\u00e4lvklart!\",\"breadcrumb\":{\"@id\":\"https:\\\/\\\/alvdalenfiske.se\\\/de\\\/reservieren\\\/#breadcrumb\"},\"inLanguage\":\"de\",\"potentialAction\":[{\"@type\":\"ReadAction\",\"target\":[\"https:\\\/\\\/alvdalenfiske.se\\\/de\\\/reservieren\\\/\"]}]},{\"@type\":\"BreadcrumbList\",\"@id\":\"https:\\\/\\\/alvdalenfiske.se\\\/de\\\/reservieren\\\/#breadcrumb\",\"itemListElement\":[{\"@type\":\"ListItem\",\"position\":1,\"name\":\"Hem\",\"item\":\"https:\\\/\\\/alvdalenfiske.se\\\/de\\\/\"},{\"@type\":\"ListItem\",\"position\":2,\"name\":\"Reservieren\"}]},{\"@type\":\"WebSite\",\"@id\":\"https:\\\/\\\/alvdalenfiske.se\\\/#website\",\"url\":\"https:\\\/\\\/alvdalenfiske.se\\\/\",\"name\":\"\u00c4lvdalens Fiskecenter - fiska i Dalarna\",\"description\":\"Where the big fishes lures\",\"potentialAction\":[{\"@type\":\"SearchAction\",\"target\":{\"@type\":\"EntryPoint\",\"urlTemplate\":\"https:\\\/\\\/alvdalenfiske.se\\\/?s={search_term_string}\"},\"query-input\":{\"@type\":\"PropertyValueSpecification\",\"valueRequired\":true,\"valueName\":\"search_term_string\"}}],\"inLanguage\":\"de\"}]}<\/script>\n<!-- \/ Yoast SEO plugin. -->","yoast_head_json":{"title":"Boka fisketur i Dalarna | \u00c4lvdalen Fiske erbjuder guidade fisketurer","description":"Boka din kurs i flugfiske eller din guidade fisketur i Dalarna online p\u00e5 alvdalenfiske.se Har du speciella \u00f6nskem\u00e5l s\u00e5 hj\u00e4lper vi dig sj\u00e4lvklart!","robots":{"index":"index","follow":"follow","max-snippet":"max-snippet:-1","max-image-preview":"max-image-preview:large","max-video-preview":"max-video-preview:-1"},"canonical":"https:\/\/alvdalenfiske.se\/de\/reservieren\/","og_locale":"de_DE","og_type":"article","og_title":"Boka fisketur i Dalarna | \u00c4lvdalen Fiske erbjuder guidade fisketurer","og_description":"Boka din kurs i flugfiske eller din guidade fisketur i Dalarna online p\u00e5 alvdalenfiske.se Har du speciella \u00f6nskem\u00e5l s\u00e5 hj\u00e4lper vi dig sj\u00e4lvklart!","og_url":"https:\/\/alvdalenfiske.se\/de\/reservieren\/","og_site_name":"\u00c4lvdalens Fiskecenter - fiska i Dalarna","article_modified_time":"2020-05-18T08:26:11+00:00","twitter_card":"summary_large_image","twitter_misc":{"Gesch\u00e4tzte Lesezeit":"2\u00a0Minuten"},"schema":{"@context":"https:\/\/schema.org","@graph":[{"@type":"WebPage","@id":"https:\/\/alvdalenfiske.se\/de\/reservieren\/","url":"https:\/\/alvdalenfiske.se\/de\/reservieren\/","name":"Boka fisketur i Dalarna | \u00c4lvdalen Fiske erbjuder guidade fisketurer","isPartOf":{"@id":"https:\/\/alvdalenfiske.se\/#website"},"datePublished":"2017-03-13T14:33:10+00:00","dateModified":"2020-05-18T08:26:11+00:00","description":"Boka din kurs i flugfiske eller din guidade fisketur i Dalarna online p\u00e5 alvdalenfiske.se Har du speciella \u00f6nskem\u00e5l s\u00e5 hj\u00e4lper vi dig sj\u00e4lvklart!","breadcrumb":{"@id":"https:\/\/alvdalenfiske.se\/de\/reservieren\/#breadcrumb"},"inLanguage":"de","potentialAction":[{"@type":"ReadAction","target":["https:\/\/alvdalenfiske.se\/de\/reservieren\/"]}]},{"@type":"BreadcrumbList","@id":"https:\/\/alvdalenfiske.se\/de\/reservieren\/#breadcrumb","itemListElement":[{"@type":"ListItem","position":1,"name":"Hem","item":"https:\/\/alvdalenfiske.se\/de\/"},{"@type":"ListItem","position":2,"name":"Reservieren"}]},{"@type":"WebSite","@id":"https:\/\/alvdalenfiske.se\/#website","url":"https:\/\/alvdalenfiske.se\/","name":"\u00c4lvdalens Fiskecenter - fiska i Dalarna","description":"Where the big fishes lures","potentialAction":[{"@type":"SearchAction","target":{"@type":"EntryPoint","urlTemplate":"https:\/\/alvdalenfiske.se\/?s={search_term_string}"},"query-input":{"@type":"PropertyValueSpecification","valueRequired":true,"valueName":"search_term_string"}}],"inLanguage":"de"}]}},"_links":{"self":[{"href":"https:\/\/alvdalenfiske.se\/de\/wp-json\/wp\/v2\/pages\/2364","targetHints":{"allow":["GET"]}}],"collection":[{"href":"https:\/\/alvdalenfiske.se\/de\/wp-json\/wp\/v2\/pages"}],"about":[{"href":"https:\/\/alvdalenfiske.se\/de\/wp-json\/wp\/v2\/types\/page"}],"author":[{"embeddable":true,"href":"https:\/\/alvdalenfiske.se\/de\/wp-json\/wp\/v2\/users\/2"}],"replies":[{"embeddable":true,"href":"https:\/\/alvdalenfiske.se\/de\/wp-json\/wp\/v2\/comments?post=2364"}],"version-history":[{"count":3,"href":"https:\/\/alvdalenfiske.se\/de\/wp-json\/wp\/v2\/pages\/2364\/revisions"}],"predecessor-version":[{"id":4594,"href":"https:\/\/alvdalenfiske.se\/de\/wp-json\/wp\/v2\/pages\/2364\/revisions\/4594"}],"wp:attachment":[{"href":"https:\/\/alvdalenfiske.se\/de\/wp-json\/wp\/v2\/media?parent=2364"}],"curies":[{"name":"wp","href":"https:\/\/api.w.org\/{rel}","templated":true}]}}