{"id":2473,"date":"2017-03-06T11:16:06","date_gmt":"2017-03-06T10:16:06","guid":{"rendered":"https:\/\/alvdalenfiske.se\/fisket\/"},"modified":"2020-10-13T13:58:56","modified_gmt":"2020-10-13T11:58:56","slug":"angeln","status":"publish","type":"page","link":"https:\/\/alvdalenfiske.se\/de\/angeln\/","title":{"rendered":"Angeln"},"content":{"rendered":"\n\t<section class=\"section sid-header dark has-parallax\" id=\"section_2085110010\">\n\t\t<div class=\"section-bg fill\" data-parallax-container=\".section\" data-parallax-background data-parallax=\"-5\">\n\t\t\t<img loading=\"lazy\" decoding=\"async\" width=\"2500\" height=\"1667\" src=\"https:\/\/alvdalenfiske.se\/wp-content\/uploads\/2020\/04\/bro.jpg\" class=\"bg attachment-original size-original\" alt=\"Trolska fiskevatten i Dalarna\" \/>\t\t\t\t\t\t<div class=\"section-bg-overlay absolute fill\"><\/div>\n\t\t\t\n\n\t\t<\/div>\n\n\t\t\n\n\t\t<div class=\"section-content relative\">\n\t\t\t\n<div class=\"row align-right header-text\"  id=\"row-1443051610\">\n\n\t<div id=\"col-377652934\" class=\"col medium-6 small-12 large-12\"  >\n\t\t\t\t<div class=\"col-inner dark\"  >\n\t\t\t\n\t\t\t\n<h1 id=\"fancy-title-3\" class=\"mk-fancy-titlesimple-stylecolor-single\" style=\"text-align: right;\">FLIEGENFISCHE\u00a0IM \u00c4LVDALEN, SCHWEDEN<\/h1>\n<div class=\"clearboth\">\u00a0<\/div>\n<div class=\"mk-page-section-wrapper\">\n<div id=\"page-section-2\" class=\"mk-page-section self-hostedfull_layout full-width-2 js-el js-master-rowmk-in-viewport\" data-intro-effect=\"false\">\n<div class=\"page-section-content vc_row-fluid mk-grid\">\n<div class=\"mk-padding-wrapper\">\n<div class=\"vc_col-sm-12 wpb_column column_container_ height-full\">\n<p class=\"p1\" style=\"text-align: right;\">\u2013 ERLEBEN SIE EINE FISCHEREI IN EINER UNBER\u00dcHRTEN WILDNIS!<\/p>\n<div class=\"clearboth\">\u00a0<\/div>\n<\/div>\n<\/div>\n<div class=\"clearboth\">\u00a0<\/div>\n<\/div>\n<div class=\"clearboth\">\u00a0<\/div>\n<\/div>\n<\/div>\n<div class=\"mk-main-wrapper-holder\">\n<div class=\"theme-page-wrapper no-padding full-layout mk-grid vc_row-fluid\">\n<div class=\"theme-content no-padding\">\n<div class=\"wpb_row vc_row vc_row-fluidmk-fullwidth-falseattched-falsejs-master-rowmk-in-viewport\">\n<div class=\"vc_col-sm-12 wpb_column column_container_ height-full\">\u00a0<\/div>\n<\/div>\n<\/div>\n<\/div>\n<\/div>\n\t\t<\/div>\n\t\t\t\t\t<\/div>\n\n\t\n<\/div>\n\t\t<\/div>\n\n\t\t\n<style>\n#section_2085110010 {\n  padding-top: 90px;\n  padding-bottom: 90px;\n  min-height: 400px;\n}\n#section_2085110010 .section-bg-overlay {\n  background-color: rgba(0,0,0,.5);\n}\n#section_2085110010 .section-bg img {\n  object-position: 31% 100%;\n}\n@media (min-width:550px) {\n  #section_2085110010 {\n    padding-top: 90px;\n    padding-bottom: 90px;\n  }\n}\n@media (min-width:850px) {\n  #section_2085110010 {\n    min-height: 300px;\n  }\n}\n<\/style>\n\t<\/section>\n\t\n\n\t<section class=\"section\" id=\"section_165857292\">\n\t\t<div class=\"section-bg fill\" >\n\t\t\t\t\t\t\t\t\t\n\t\t\t\n\n\t\t<\/div>\n\n\t\t\n\n\t\t<div class=\"section-content relative\">\n\t\t\t\n<div class=\"row\"  id=\"row-1168803761\">\n\n\t<div id=\"col-959685724\" class=\"col medium-8 small-12 large-8\"  >\n\t\t\t\t<div class=\"col-inner text-left\"  >\n\t\t\t\n\t\t\t\n<h3>\u00c4LVDALEN LIEGT IM NORDEN DER PROVINZ DALARNA AN DER GRENZE ZUM FJ\u00c4LL, 350 KM NORDWESTLICH VON STOCKHOLM<\/h3>\n<p>Es gibt sowohl Forellen- und \u00c4schengew\u00e4sser als auch Seen mit Saiblingen. Mit einem einzigen Angelschein k\u00f6nnen ca. 230 km Fliessgew\u00e4sser und eine Vielzahl gr\u00f6sserer und kleinerer Seen befischt werden.<\/p>\n<p>Erleben Sie eine Fischerei in einer unber\u00fchrten Wildnis!<\/p>\n<p><strong>\u00c4lvdalens Fiskecenter finden Sie auf dem Gel\u00e4nde des Campingplatzes in \u00c4lvdalen \u2013 Beschilderung ab der Ortsmitte<\/strong><\/p>\n<p>Wir haben uns auf die Fischerei rund um \u00c4lvdalen spezialisiert und tun unser Bestes, damit Ihr Angelurlaub zum Erlebnis wird!<\/p>\n<p>M\u00f6chten Sie Ihre Ausr\u00fcstung komplettieren? In unserem Sortiment finden Sie sicherlich das Passende. Wir beraten Sie gerne.<\/p>\n<p><strong>Gef\u00fchrte Angeltouren<\/strong>\u00a0Besuchen Sie das Gebiet um \u00c4lvdalen zum ersten Mal oder l\u00e4uft die Fischerei nicht wie gew\u00fcnscht? Erfahrene Guides stehen Ihnen gerne mit Rat und Tat zur Seite, stundenweise oder halb- bzw. ganzt\u00e4gig.<\/p>\n<p><strong>Wurfkurse<\/strong>\u00a0Sowohl der Anf\u00e4nger als auch der erfahrene Fliegenfischer ist in unseren Wurfkursen gut aufgehoben. Unterhandwurf, Stromaufwurf mit der Trockenfliege, Werfen mit beschwerten Nymphvorf\u00e4chern oder mit dem Streamer \u2013 die Verbesserung Ihrer Technik ist unser Ziel!<\/p>\n<p><strong>Einf\u00fchrungskurs<\/strong>\u00a0Der \u00d6sterdal\u00e4lven ist ein einzigartiger Fluss, der alles bietet, was das Anglerherz begehrt. Unser Guide begleitet Sie zu einer Angeltour, bei der er Ihnen alles Wissenswerte \u00fcber Technik, Fliegenwahl oder Taktik vermittelt. \u00d6sterdal\u00e4lven auf unsere Art!<\/p>\n<p>In unmittelbarer N\u00e4he zum Fiskecenter k\u00f6nnen wir eigene\u00a0<strong>Wohnungen anbieten<\/strong>\u00a0\u2013 nahe am Wasser und nicht weit zur Ortsmitte.<br \/><strong>Vermietung Wir vermieten Ruderboote, Bellyboote, Wathosen und sowohl Spinn- als auch Fliegenfischerausr\u00fcstungen.<\/strong>\u00a0Informieren Sie uns rechtzeitig, damit wir die gew\u00fcnschte Ausr\u00fcstung f\u00fcr Sie reservieren k\u00f6nnen.<\/p>\n<p>Bei der Vermittlung von weiteren \u00dcbernachtungsm\u00f6glichkeiten sind wir gerne behilflich. Sollten Sie Kanus ben\u00f6tigen, sprechen Sie uns an. Angelkartenpreise Tageskarte 70,- \/ 3-Tageskarte 150,- \/ Wochenkarte 250,- \/ Jahreskarte 600,- \u2013 Alle Preisangaben in schwedischen Kronen \/ SEK<\/p>\n<h4>\u2013 HERZLICH WILLKOMMEN IN \u00c4LVDALENS FISKECENTER.<\/h4>\n\t\t<\/div>\n\t\t\t\t\t<\/div>\n\n\t\n\n\t<div id=\"col-1739534169\" class=\"col pris-aktivitet medium-4 small-12 large-4\"  >\n\t\t\t\t<div class=\"col-inner dark\"  >\n\t\t\t\n\t\t\t\n\n  \n    <div class=\"row large-columns-1 medium-columns-1 small-columns-2 row-xsmall\" >\n  <div class=\"gallery-col col\" >\n          <div class=\"col-inner\">\n            <a class=\"image-lightbox lightbox-gallery\" href=\"https:\/\/alvdalenfiske.se\/wp-content\/uploads\/2020\/04\/hMidsummer-trout-1-1024x707.jpg\" title=\"\">            <div class=\"box has-hover gallery-box box-normal\">\n              <div class=\"box-image\" >\n                <img loading=\"lazy\" decoding=\"async\" width=\"2500\" height=\"1726\" src=\"https:\/\/alvdalenfiske.se\/wp-content\/uploads\/2020\/04\/hMidsummer-trout-1.jpg\" class=\"attachment-original size-original\" alt=\"\" ids=\"4187,4189,5089,5095\" style=\"normal\" col_spacing=\"xsmall\" columns=\"1\" columns__sm=\"2\" columns__md=\"1\" image_size=\"original\" srcset=\"https:\/\/alvdalenfiske.se\/wp-content\/uploads\/2020\/04\/hMidsummer-trout-1.jpg 2500w, https:\/\/alvdalenfiske.se\/wp-content\/uploads\/2020\/04\/hMidsummer-trout-1-300x207.jpg 300w, https:\/\/alvdalenfiske.se\/wp-content\/uploads\/2020\/04\/hMidsummer-trout-1-1024x707.jpg 1024w, https:\/\/alvdalenfiske.se\/wp-content\/uploads\/2020\/04\/hMidsummer-trout-1-768x530.jpg 768w, https:\/\/alvdalenfiske.se\/wp-content\/uploads\/2020\/04\/hMidsummer-trout-1-1536x1060.jpg 1536w, https:\/\/alvdalenfiske.se\/wp-content\/uploads\/2020\/04\/hMidsummer-trout-1-2048x1414.jpg 2048w\" sizes=\"auto, (max-width: 2500px) 100vw, 2500px\" \/>                                                              <\/div>\n              <div class=\"box-text text-left\" >\n                 <p><\/p>\n              <\/div>\n            <\/div>\n            <\/a>          <\/div>\n         <\/div><div class=\"gallery-col col\" >\n          <div class=\"col-inner\">\n            <a class=\"image-lightbox lightbox-gallery\" href=\"https:\/\/alvdalenfiske.se\/wp-content\/uploads\/2020\/04\/O\u0308sterdalsa\u0308lven-19-06-10-33-Trout-1024x874.jpg\" title=\"\">            <div class=\"box has-hover gallery-box box-normal\">\n              <div class=\"box-image\" >\n                <img loading=\"lazy\" decoding=\"async\" width=\"2500\" height=\"2134\" src=\"https:\/\/alvdalenfiske.se\/wp-content\/uploads\/2020\/04\/O\u0308sterdalsa\u0308lven-19-06-10-33-Trout.jpg\" class=\"attachment-original size-original\" alt=\"\" ids=\"4187,4189,5089,5095\" style=\"normal\" col_spacing=\"xsmall\" columns=\"1\" columns__sm=\"2\" columns__md=\"1\" image_size=\"original\" srcset=\"https:\/\/alvdalenfiske.se\/wp-content\/uploads\/2020\/04\/O\u0308sterdalsa\u0308lven-19-06-10-33-Trout.jpg 2500w, https:\/\/alvdalenfiske.se\/wp-content\/uploads\/2020\/04\/O\u0308sterdalsa\u0308lven-19-06-10-33-Trout-300x256.jpg 300w, https:\/\/alvdalenfiske.se\/wp-content\/uploads\/2020\/04\/O\u0308sterdalsa\u0308lven-19-06-10-33-Trout-1024x874.jpg 1024w, https:\/\/alvdalenfiske.se\/wp-content\/uploads\/2020\/04\/O\u0308sterdalsa\u0308lven-19-06-10-33-Trout-768x656.jpg 768w, https:\/\/alvdalenfiske.se\/wp-content\/uploads\/2020\/04\/O\u0308sterdalsa\u0308lven-19-06-10-33-Trout-1536x1311.jpg 1536w, https:\/\/alvdalenfiske.se\/wp-content\/uploads\/2020\/04\/O\u0308sterdalsa\u0308lven-19-06-10-33-Trout-2048x1748.jpg 2048w\" sizes=\"auto, (max-width: 2500px) 100vw, 2500px\" \/>                                                              <\/div>\n              <div class=\"box-text text-left\" >\n                 <p><\/p>\n              <\/div>\n            <\/div>\n            <\/a>          <\/div>\n         <\/div><div class=\"gallery-col col\" >\n          <div class=\"col-inner\">\n            <a class=\"image-lightbox lightbox-gallery\" href=\"https:\/\/alvdalenfiske.se\/wp-content\/uploads\/2020\/10\/1-fisket-1-1024x983.jpg\" title=\"\">            <div class=\"box has-hover gallery-box box-normal\">\n              <div class=\"box-image\" >\n                <img loading=\"lazy\" decoding=\"async\" width=\"2000\" height=\"1920\" src=\"https:\/\/alvdalenfiske.se\/wp-content\/uploads\/2020\/10\/1-fisket-1.jpg\" class=\"attachment-original size-original\" alt=\"\" ids=\"4187,4189,5089,5095\" style=\"normal\" col_spacing=\"xsmall\" columns=\"1\" columns__sm=\"2\" columns__md=\"1\" image_size=\"original\" srcset=\"https:\/\/alvdalenfiske.se\/wp-content\/uploads\/2020\/10\/1-fisket-1.jpg 2000w, https:\/\/alvdalenfiske.se\/wp-content\/uploads\/2020\/10\/1-fisket-1-300x288.jpg 300w, https:\/\/alvdalenfiske.se\/wp-content\/uploads\/2020\/10\/1-fisket-1-1024x983.jpg 1024w, https:\/\/alvdalenfiske.se\/wp-content\/uploads\/2020\/10\/1-fisket-1-768x737.jpg 768w, https:\/\/alvdalenfiske.se\/wp-content\/uploads\/2020\/10\/1-fisket-1-1536x1475.jpg 1536w\" sizes=\"auto, (max-width: 2000px) 100vw, 2000px\" \/>                                                              <\/div>\n              <div class=\"box-text text-left\" >\n                 <p><\/p>\n              <\/div>\n            <\/div>\n            <\/a>          <\/div>\n         <\/div><div class=\"gallery-col col\" >\n          <div class=\"col-inner\">\n            <a class=\"image-lightbox lightbox-gallery\" href=\"https:\/\/alvdalenfiske.se\/wp-content\/uploads\/2020\/10\/1-fisket-3-682x1024.jpg\" title=\"\">            <div class=\"box has-hover gallery-box box-normal\">\n              <div class=\"box-image\" >\n                <img loading=\"lazy\" decoding=\"async\" width=\"1333\" height=\"2000\" src=\"https:\/\/alvdalenfiske.se\/wp-content\/uploads\/2020\/10\/1-fisket-3.jpg\" class=\"attachment-original size-original\" alt=\"\" ids=\"4187,4189,5089,5095\" style=\"normal\" col_spacing=\"xsmall\" columns=\"1\" columns__sm=\"2\" columns__md=\"1\" image_size=\"original\" srcset=\"https:\/\/alvdalenfiske.se\/wp-content\/uploads\/2020\/10\/1-fisket-3.jpg 1333w, https:\/\/alvdalenfiske.se\/wp-content\/uploads\/2020\/10\/1-fisket-3-200x300.jpg 200w, https:\/\/alvdalenfiske.se\/wp-content\/uploads\/2020\/10\/1-fisket-3-682x1024.jpg 682w, https:\/\/alvdalenfiske.se\/wp-content\/uploads\/2020\/10\/1-fisket-3-768x1152.jpg 768w, https:\/\/alvdalenfiske.se\/wp-content\/uploads\/2020\/10\/1-fisket-3-1024x1536.jpg 1024w\" sizes=\"auto, (max-width: 1333px) 100vw, 1333px\" \/>                                                              <\/div>\n              <div class=\"box-text text-left\" >\n                 <p><\/p>\n              <\/div>\n            <\/div>\n            <\/a>          <\/div>\n         <\/div><\/div>\n\t\t<\/div>\n\t\t\t\t\t<\/div>\n\n\t\n<\/div>\n\t\t<\/div>\n\n\t\t\n<style>\n#section_165857292 {\n  padding-top: 30px;\n  padding-bottom: 30px;\n}\n@media (min-width:550px) {\n  #section_165857292 {\n    padding-top: 60px;\n    padding-bottom: 60px;\n  }\n}\n@media (min-width:850px) {\n  #section_165857292 {\n    padding-top: 90px;\n    padding-bottom: 90px;\n  }\n}\n<\/style>\n\t<\/section>\n\t\n","protected":false},"excerpt":{"rendered":"","protected":false},"author":2,"featured_media":0,"parent":0,"menu_order":0,"comment_status":"closed","ping_status":"closed","template":"page-blank.php","meta":{"footnotes":""},"class_list":["post-2473","page","type-page","status-publish","hentry"],"yoast_head":"<!-- This site is optimized with the Yoast SEO plugin v27.4 - https:\/\/yoast.com\/product\/yoast-seo-wordpress\/ -->\n<title>Norra Dalarnas b\u00e4sta fiskevatten| \u00c4lvdalens Fiskecenter - fiska i Dalarna<\/title>\n<meta name=\"description\" content=\"S\u00f6ker du efter fiskevatten i Dalarna? H\u00e4r finns allt fr\u00e5n fiske i str\u00f6mmande vatten till m\u00e4ngder med sj\u00f6ar och tj\u00e4rnar. Fiske f\u00f6r alla fiskare!\" \/>\n<meta name=\"robots\" content=\"index, follow, max-snippet:-1, max-image-preview:large, max-video-preview:-1\" \/>\n<link rel=\"canonical\" href=\"https:\/\/alvdalenfiske.se\/de\/angeln\/\" \/>\n<meta property=\"og:locale\" content=\"de_DE\" \/>\n<meta property=\"og:type\" content=\"article\" \/>\n<meta property=\"og:title\" content=\"Norra Dalarnas b\u00e4sta fiskevatten| \u00c4lvdalens Fiskecenter - fiska i Dalarna\" \/>\n<meta property=\"og:description\" content=\"S\u00f6ker du efter fiskevatten i Dalarna? H\u00e4r finns allt fr\u00e5n fiske i str\u00f6mmande vatten till m\u00e4ngder med sj\u00f6ar och tj\u00e4rnar. Fiske f\u00f6r alla fiskare!\" \/>\n<meta property=\"og:url\" content=\"https:\/\/alvdalenfiske.se\/de\/angeln\/\" \/>\n<meta property=\"og:site_name\" content=\"\u00c4lvdalens Fiskecenter - fiska i Dalarna\" \/>\n<meta property=\"article:modified_time\" content=\"2020-10-13T11:58:56+00:00\" \/>\n<meta name=\"twitter:card\" content=\"summary_large_image\" \/>\n<meta name=\"twitter:label1\" content=\"Gesch\u00e4tzte Lesezeit\" \/>\n\t<meta name=\"twitter:data1\" content=\"2\u00a0Minuten\" \/>\n<script type=\"application\/ld+json\" class=\"yoast-schema-graph\">{\"@context\":\"https:\\\/\\\/schema.org\",\"@graph\":[{\"@type\":\"WebPage\",\"@id\":\"https:\\\/\\\/alvdalenfiske.se\\\/de\\\/angeln\\\/\",\"url\":\"https:\\\/\\\/alvdalenfiske.se\\\/de\\\/angeln\\\/\",\"name\":\"Norra Dalarnas b\u00e4sta fiskevatten| \u00c4lvdalens Fiskecenter - fiska i Dalarna\",\"isPartOf\":{\"@id\":\"https:\\\/\\\/alvdalenfiske.se\\\/#website\"},\"datePublished\":\"2017-03-06T10:16:06+00:00\",\"dateModified\":\"2020-10-13T11:58:56+00:00\",\"description\":\"S\u00f6ker du efter fiskevatten i Dalarna? H\u00e4r finns allt fr\u00e5n fiske i str\u00f6mmande vatten till m\u00e4ngder med sj\u00f6ar och tj\u00e4rnar. Fiske f\u00f6r alla fiskare!\",\"breadcrumb\":{\"@id\":\"https:\\\/\\\/alvdalenfiske.se\\\/de\\\/angeln\\\/#breadcrumb\"},\"inLanguage\":\"de\",\"potentialAction\":[{\"@type\":\"ReadAction\",\"target\":[\"https:\\\/\\\/alvdalenfiske.se\\\/de\\\/angeln\\\/\"]}]},{\"@type\":\"BreadcrumbList\",\"@id\":\"https:\\\/\\\/alvdalenfiske.se\\\/de\\\/angeln\\\/#breadcrumb\",\"itemListElement\":[{\"@type\":\"ListItem\",\"position\":1,\"name\":\"Hem\",\"item\":\"https:\\\/\\\/alvdalenfiske.se\\\/de\\\/\"},{\"@type\":\"ListItem\",\"position\":2,\"name\":\"Angeln\"}]},{\"@type\":\"WebSite\",\"@id\":\"https:\\\/\\\/alvdalenfiske.se\\\/#website\",\"url\":\"https:\\\/\\\/alvdalenfiske.se\\\/\",\"name\":\"\u00c4lvdalens Fiskecenter - fiska i Dalarna\",\"description\":\"Where the big fishes lures\",\"potentialAction\":[{\"@type\":\"SearchAction\",\"target\":{\"@type\":\"EntryPoint\",\"urlTemplate\":\"https:\\\/\\\/alvdalenfiske.se\\\/?s={search_term_string}\"},\"query-input\":{\"@type\":\"PropertyValueSpecification\",\"valueRequired\":true,\"valueName\":\"search_term_string\"}}],\"inLanguage\":\"de\"}]}<\/script>\n<!-- \/ Yoast SEO plugin. -->","yoast_head_json":{"title":"Norra Dalarnas b\u00e4sta fiskevatten| \u00c4lvdalens Fiskecenter - fiska i Dalarna","description":"S\u00f6ker du efter fiskevatten i Dalarna? H\u00e4r finns allt fr\u00e5n fiske i str\u00f6mmande vatten till m\u00e4ngder med sj\u00f6ar och tj\u00e4rnar. Fiske f\u00f6r alla fiskare!","robots":{"index":"index","follow":"follow","max-snippet":"max-snippet:-1","max-image-preview":"max-image-preview:large","max-video-preview":"max-video-preview:-1"},"canonical":"https:\/\/alvdalenfiske.se\/de\/angeln\/","og_locale":"de_DE","og_type":"article","og_title":"Norra Dalarnas b\u00e4sta fiskevatten| \u00c4lvdalens Fiskecenter - fiska i Dalarna","og_description":"S\u00f6ker du efter fiskevatten i Dalarna? H\u00e4r finns allt fr\u00e5n fiske i str\u00f6mmande vatten till m\u00e4ngder med sj\u00f6ar och tj\u00e4rnar. Fiske f\u00f6r alla fiskare!","og_url":"https:\/\/alvdalenfiske.se\/de\/angeln\/","og_site_name":"\u00c4lvdalens Fiskecenter - fiska i Dalarna","article_modified_time":"2020-10-13T11:58:56+00:00","twitter_card":"summary_large_image","twitter_misc":{"Gesch\u00e4tzte Lesezeit":"2\u00a0Minuten"},"schema":{"@context":"https:\/\/schema.org","@graph":[{"@type":"WebPage","@id":"https:\/\/alvdalenfiske.se\/de\/angeln\/","url":"https:\/\/alvdalenfiske.se\/de\/angeln\/","name":"Norra Dalarnas b\u00e4sta fiskevatten| \u00c4lvdalens Fiskecenter - fiska i Dalarna","isPartOf":{"@id":"https:\/\/alvdalenfiske.se\/#website"},"datePublished":"2017-03-06T10:16:06+00:00","dateModified":"2020-10-13T11:58:56+00:00","description":"S\u00f6ker du efter fiskevatten i Dalarna? H\u00e4r finns allt fr\u00e5n fiske i str\u00f6mmande vatten till m\u00e4ngder med sj\u00f6ar och tj\u00e4rnar. Fiske f\u00f6r alla fiskare!","breadcrumb":{"@id":"https:\/\/alvdalenfiske.se\/de\/angeln\/#breadcrumb"},"inLanguage":"de","potentialAction":[{"@type":"ReadAction","target":["https:\/\/alvdalenfiske.se\/de\/angeln\/"]}]},{"@type":"BreadcrumbList","@id":"https:\/\/alvdalenfiske.se\/de\/angeln\/#breadcrumb","itemListElement":[{"@type":"ListItem","position":1,"name":"Hem","item":"https:\/\/alvdalenfiske.se\/de\/"},{"@type":"ListItem","position":2,"name":"Angeln"}]},{"@type":"WebSite","@id":"https:\/\/alvdalenfiske.se\/#website","url":"https:\/\/alvdalenfiske.se\/","name":"\u00c4lvdalens Fiskecenter - fiska i Dalarna","description":"Where the big fishes lures","potentialAction":[{"@type":"SearchAction","target":{"@type":"EntryPoint","urlTemplate":"https:\/\/alvdalenfiske.se\/?s={search_term_string}"},"query-input":{"@type":"PropertyValueSpecification","valueRequired":true,"valueName":"search_term_string"}}],"inLanguage":"de"}]}},"_links":{"self":[{"href":"https:\/\/alvdalenfiske.se\/de\/wp-json\/wp\/v2\/pages\/2473","targetHints":{"allow":["GET"]}}],"collection":[{"href":"https:\/\/alvdalenfiske.se\/de\/wp-json\/wp\/v2\/pages"}],"about":[{"href":"https:\/\/alvdalenfiske.se\/de\/wp-json\/wp\/v2\/types\/page"}],"author":[{"embeddable":true,"href":"https:\/\/alvdalenfiske.se\/de\/wp-json\/wp\/v2\/users\/2"}],"replies":[{"embeddable":true,"href":"https:\/\/alvdalenfiske.se\/de\/wp-json\/wp\/v2\/comments?post=2473"}],"version-history":[{"count":4,"href":"https:\/\/alvdalenfiske.se\/de\/wp-json\/wp\/v2\/pages\/2473\/revisions"}],"predecessor-version":[{"id":5345,"href":"https:\/\/alvdalenfiske.se\/de\/wp-json\/wp\/v2\/pages\/2473\/revisions\/5345"}],"wp:attachment":[{"href":"https:\/\/alvdalenfiske.se\/de\/wp-json\/wp\/v2\/media?parent=2473"}],"curies":[{"name":"wp","href":"https:\/\/api.w.org\/{rel}","templated":true}]}}