{"id":2694,"date":"2017-03-06T11:20:32","date_gmt":"2017-03-06T10:20:32","guid":{"rendered":"https:\/\/alvdalenfiske.se\/skinnfallsbodarna\/"},"modified":"2020-05-15T14:51:51","modified_gmt":"2020-05-15T12:51:51","slug":"skinnfallsbodarna","status":"publish","type":"page","link":"https:\/\/alvdalenfiske.se\/de\/skinnfallsbodarna\/","title":{"rendered":"Skinnf\u00e4llsbodarna"},"content":{"rendered":"[mk_page_section bg_image=&#8220;https:\/\/alvdalenfiske.se\/wp-content\/uploads\/2017\/03\/skinnstuga-1.jpg&#8220; bg_position=&#8220;center center&#8220; bg_repeat=&#8220;no-repeat&#8220; bg_stretch=&#8220;true&#8220; enable_3d=&#8220;true&#8220; video_color_mask=&#8220;#000000&#8243; video_opacity=&#8220;0.3&#8243; sidebar=&#8220;sidebar-1&#8243;][vc_column][mk_fancy_title tag_name=&#8220;h1&#8243; color=&#8220;#ffffff&#8220; size=&#8220;45&#8243; force_font_size=&#8220;true&#8220; size_phone=&#8220;25&#8243; font_weight=&#8220;bold&#8220; txt_transform=&#8220;uppercase&#8220; margin_top=&#8220;120&#8243; margin_bottom=&#8220;0&#8243; font_family=&#8220;none&#8220;]Skinnf\u00e4llsbodarna[\/mk_fancy_title][mk_fancy_title color=&#8220;#ffffff&#8220; size=&#8220;22&#8243; force_font_size=&#8220;true&#8220; size_phone=&#8220;18&#8243; font_weight=&#8220;300&#8243; txt_transform=&#8220;none&#8220; margin_bottom=&#8220;80&#8243; font_family=&#8220;none&#8220;]-\u00a0klassiskt, rustikt boende i \u00c4lvdalen[\/mk_fancy_title][\/vc_column][\/mk_page_section][vc_row][vc_column][mk_padding_divider][\/vc_column][\/vc_row][vc_row][vc_column][vc_column_text]\n<h4>\u00c4ldre timmerbyggnad med mycket charm.<\/h4>\n<p>30 m\u00b2 4 +2 b\u00e4ddar &amp; pentry, en v\u00e5n. s\u00e4ng 120 cm bred.<br \/>\n<strong>\u00d6ppen spis.<\/strong>[\/vc_column_text][\/vc_column][\/vc_row][mk_page_section bg_color=&#8220;#e4e8d9&#8243; padding_top=&#8220;50&#8243; sidebar=&#8220;sidebar-1&#8243;][vc_column width=&#8220;2\/3&#8243;][mk_fancy_title tag_name=&#8220;h3&#8243; size=&#8220;25&#8243; force_font_size=&#8220;true&#8220; size_phone=&#8220;20&#8243; font_weight=&#8220;600&#8243; txt_transform=&#8220;uppercase&#8220; margin_bottom=&#8220;0&#8243; font_family=&#8220;none&#8220;]Boka ditt fiske\u00e4ventyr online[\/mk_fancy_title][mk_fancy_title tag_name=&#8220;h4&#8243; size=&#8220;19&#8243; force_font_size=&#8220;true&#8220; size_phone=&#8220;15&#8243; font_weight=&#8220;300&#8243; txt_transform=&#8220;none&#8220; font_family=&#8220;none&#8220;]-\u00a0vi lovar dig en upplevelse ut\u00f6ver det vanliga[\/mk_fancy_title][\/vc_column][vc_column width=&#8220;1\/3&#8243;][mk_button dimension=&#8220;flat&#8220; size=&#8220;medium&#8220; icon=&#8220;mk-moon-arrow-right-3&#8243; icon_anim=&#8220;side&#8220; url=&#8220;\/boka\/&#8220; align=&#8220;center&#8220; margin_right=&#8220;0&#8243; animation=&#8220;scale-up&#8220; bg_color=&#8220;#596732&#8243;]Boka h\u00e4r[\/mk_button][\/vc_column][\/mk_page_section]\n","protected":false},"excerpt":{"rendered":"[mk_page_section bg_image=&#8220;https:\/\/alvdalenfiske.se\/wp-content\/uploads\/2017\/03\/skinnstuga-1.jpg&#8220; bg_position=&#8220;center center&#8220; bg_repeat=&#8220;no-repeat&#8220; bg_stretch=&#8220;true&#8220; enable_3d=&#8220;true&#8220; video_color_mask=&#8220;#000000&#8243; video_opacity=&#8220;0.3&#8243; sidebar=&#8220;sidebar-1&#8243;][vc_column][mk_fancy_title tag_name=&#8220;h1&#8243; color=&#8220;#ffffff&#8220; size=&#8220;45&#8243; force_font_size=&#8220;true&#8220; size_phone=&#8220;25&#8243; font_weight=&#8220;bold&#8220; txt_transform=&#8220;uppercase&#8220; margin_top=&#8220;120&#8243; margin_bottom=&#8220;0&#8243; font_family=&#8220;none&#8220;]Skinnf\u00e4llsbodarna[\/mk_fancy_title][mk_fancy_title color=&#8220;#ffffff&#8220; size=&#8220;22&#8243; force_font_size=&#8220;true&#8220; size_phone=&#8220;18&#8243; font_weight=&#8220;300&#8243; txt_transform=&#8220;none&#8220; margin_bottom=&#8220;80&#8243; font_family=&#8220;none&#8220;]-\u00a0klassiskt, rustikt boende i \u00c4lvdalen[\/mk_fancy_title][\/vc_column][\/mk_page_section][vc_row][vc_column][mk_padding_divider][\/vc_column][\/vc_row][vc_row][vc_column][vc_column_text] \u00c4ldre timmerbyggnad med mycket charm. 30 m\u00b2 4 +2 b\u00e4ddar &amp; pentry, en v\u00e5n. s\u00e4ng 120 cm bred. \u00d6ppen spis.[\/vc_column_text][\/vc_column][\/vc_row][mk_page_section bg_color=&#8220;#e4e8d9&#8243; padding_top=&#8220;50&#8243; sidebar=&#8220;sidebar-1&#8243;][vc_column<\/p>\n","protected":false},"author":2,"featured_media":0,"parent":0,"menu_order":0,"comment_status":"closed","ping_status":"closed","template":"page-blank.php","meta":{"footnotes":""},"class_list":["post-2694","page","type-page","status-publish","hentry"],"yoast_head":"<!-- This site is optimized with the Yoast SEO plugin v27.4 - https:\/\/yoast.com\/product\/yoast-seo-wordpress\/ -->\n<title>Skinnf\u00e4llsbodarna | \u00c4lvdalens Fiskecenter - fiska i Dalarna<\/title>\n<meta name=\"robots\" content=\"index, follow, max-snippet:-1, max-image-preview:large, max-video-preview:-1\" \/>\n<link rel=\"canonical\" href=\"https:\/\/alvdalenfiske.se\/de\/skinnfallsbodarna\/\" \/>\n<meta property=\"og:locale\" content=\"de_DE\" \/>\n<meta property=\"og:type\" content=\"article\" \/>\n<meta property=\"og:title\" content=\"Skinnf\u00e4llsbodarna | \u00c4lvdalens Fiskecenter - fiska i Dalarna\" \/>\n<meta property=\"og:description\" content=\"[mk_page_section bg_image=&#8220;https:\/\/alvdalenfiske.se\/wp-content\/uploads\/2017\/03\/skinnstuga-1.jpg&#8220; bg_position=&#8220;center center&#8220; bg_repeat=&#8220;no-repeat&#8220; bg_stretch=&#8220;true&#8220; enable_3d=&#8220;true&#8220; video_color_mask=&#8220;#000000&#8243; video_opacity=&#8220;0.3&#8243; sidebar=&#8220;sidebar-1&#8243;][vc_column][mk_fancy_title tag_name=&#8220;h1&#8243; color=&#8220;#ffffff&#8220; size=&#8220;45&#8243; force_font_size=&#8220;true&#8220; size_phone=&#8220;25&#8243; font_weight=&#8220;bold&#8220; txt_transform=&#8220;uppercase&#8220; margin_top=&#8220;120&#8243; margin_bottom=&#8220;0&#8243; font_family=&#8220;none&#8220;]Skinnf\u00e4llsbodarna[\/mk_fancy_title][mk_fancy_title color=&#8220;#ffffff&#8220; size=&#8220;22&#8243; force_font_size=&#8220;true&#8220; size_phone=&#8220;18&#8243; font_weight=&#8220;300&#8243; txt_transform=&#8220;none&#8220; margin_bottom=&#8220;80&#8243; font_family=&#8220;none&#8220;]-\u00a0klassiskt, rustikt boende i \u00c4lvdalen[\/mk_fancy_title][\/vc_column][\/mk_page_section][vc_row][vc_column][mk_padding_divider][\/vc_column][\/vc_row][vc_row][vc_column][vc_column_text] \u00c4ldre timmerbyggnad med mycket charm. 30 m\u00b2 4 +2 b\u00e4ddar &amp; pentry, en v\u00e5n. s\u00e4ng 120 cm bred. \u00d6ppen spis.[\/vc_column_text][\/vc_column][\/vc_row][mk_page_section bg_color=&#8220;#e4e8d9&#8243; padding_top=&#8220;50&#8243; sidebar=&#8220;sidebar-1&#8243;][vc_column\" \/>\n<meta property=\"og:url\" content=\"https:\/\/alvdalenfiske.se\/de\/skinnfallsbodarna\/\" \/>\n<meta property=\"og:site_name\" content=\"\u00c4lvdalens Fiskecenter - fiska i Dalarna\" \/>\n<meta property=\"article:modified_time\" content=\"2020-05-15T12:51:51+00:00\" \/>\n<meta name=\"twitter:card\" content=\"summary_large_image\" \/>\n<meta name=\"twitter:label1\" content=\"Gesch\u00e4tzte Lesezeit\" \/>\n\t<meta name=\"twitter:data1\" content=\"1\u00a0Minute\" \/>\n<script type=\"application\/ld+json\" class=\"yoast-schema-graph\">{\"@context\":\"https:\\\/\\\/schema.org\",\"@graph\":[{\"@type\":\"WebPage\",\"@id\":\"https:\\\/\\\/alvdalenfiske.se\\\/de\\\/skinnfallsbodarna\\\/\",\"url\":\"https:\\\/\\\/alvdalenfiske.se\\\/de\\\/skinnfallsbodarna\\\/\",\"name\":\"Skinnf\u00e4llsbodarna | \u00c4lvdalens Fiskecenter - fiska i Dalarna\",\"isPartOf\":{\"@id\":\"https:\\\/\\\/alvdalenfiske.se\\\/#website\"},\"datePublished\":\"2017-03-06T10:20:32+00:00\",\"dateModified\":\"2020-05-15T12:51:51+00:00\",\"breadcrumb\":{\"@id\":\"https:\\\/\\\/alvdalenfiske.se\\\/de\\\/skinnfallsbodarna\\\/#breadcrumb\"},\"inLanguage\":\"de\",\"potentialAction\":[{\"@type\":\"ReadAction\",\"target\":[\"https:\\\/\\\/alvdalenfiske.se\\\/de\\\/skinnfallsbodarna\\\/\"]}]},{\"@type\":\"BreadcrumbList\",\"@id\":\"https:\\\/\\\/alvdalenfiske.se\\\/de\\\/skinnfallsbodarna\\\/#breadcrumb\",\"itemListElement\":[{\"@type\":\"ListItem\",\"position\":1,\"name\":\"Hem\",\"item\":\"https:\\\/\\\/alvdalenfiske.se\\\/de\\\/\"},{\"@type\":\"ListItem\",\"position\":2,\"name\":\"Skinnf\u00e4llsbodarna\"}]},{\"@type\":\"WebSite\",\"@id\":\"https:\\\/\\\/alvdalenfiske.se\\\/#website\",\"url\":\"https:\\\/\\\/alvdalenfiske.se\\\/\",\"name\":\"\u00c4lvdalens Fiskecenter - fiska i Dalarna\",\"description\":\"Where the big fishes lures\",\"potentialAction\":[{\"@type\":\"SearchAction\",\"target\":{\"@type\":\"EntryPoint\",\"urlTemplate\":\"https:\\\/\\\/alvdalenfiske.se\\\/?s={search_term_string}\"},\"query-input\":{\"@type\":\"PropertyValueSpecification\",\"valueRequired\":true,\"valueName\":\"search_term_string\"}}],\"inLanguage\":\"de\"}]}<\/script>\n<!-- \/ Yoast SEO plugin. -->","yoast_head_json":{"title":"Skinnf\u00e4llsbodarna | \u00c4lvdalens Fiskecenter - fiska i Dalarna","robots":{"index":"index","follow":"follow","max-snippet":"max-snippet:-1","max-image-preview":"max-image-preview:large","max-video-preview":"max-video-preview:-1"},"canonical":"https:\/\/alvdalenfiske.se\/de\/skinnfallsbodarna\/","og_locale":"de_DE","og_type":"article","og_title":"Skinnf\u00e4llsbodarna | \u00c4lvdalens Fiskecenter - fiska i Dalarna","og_description":"[mk_page_section bg_image=&#8220;https:\/\/alvdalenfiske.se\/wp-content\/uploads\/2017\/03\/skinnstuga-1.jpg&#8220; bg_position=&#8220;center center&#8220; bg_repeat=&#8220;no-repeat&#8220; bg_stretch=&#8220;true&#8220; enable_3d=&#8220;true&#8220; video_color_mask=&#8220;#000000&#8243; video_opacity=&#8220;0.3&#8243; sidebar=&#8220;sidebar-1&#8243;][vc_column][mk_fancy_title tag_name=&#8220;h1&#8243; color=&#8220;#ffffff&#8220; size=&#8220;45&#8243; force_font_size=&#8220;true&#8220; size_phone=&#8220;25&#8243; font_weight=&#8220;bold&#8220; txt_transform=&#8220;uppercase&#8220; margin_top=&#8220;120&#8243; margin_bottom=&#8220;0&#8243; font_family=&#8220;none&#8220;]Skinnf\u00e4llsbodarna[\/mk_fancy_title][mk_fancy_title color=&#8220;#ffffff&#8220; size=&#8220;22&#8243; force_font_size=&#8220;true&#8220; size_phone=&#8220;18&#8243; font_weight=&#8220;300&#8243; txt_transform=&#8220;none&#8220; margin_bottom=&#8220;80&#8243; font_family=&#8220;none&#8220;]-\u00a0klassiskt, rustikt boende i \u00c4lvdalen[\/mk_fancy_title][\/vc_column][\/mk_page_section][vc_row][vc_column][mk_padding_divider][\/vc_column][\/vc_row][vc_row][vc_column][vc_column_text] \u00c4ldre timmerbyggnad med mycket charm. 30 m\u00b2 4 +2 b\u00e4ddar &amp; pentry, en v\u00e5n. s\u00e4ng 120 cm bred. \u00d6ppen spis.[\/vc_column_text][\/vc_column][\/vc_row][mk_page_section bg_color=&#8220;#e4e8d9&#8243; padding_top=&#8220;50&#8243; sidebar=&#8220;sidebar-1&#8243;][vc_column","og_url":"https:\/\/alvdalenfiske.se\/de\/skinnfallsbodarna\/","og_site_name":"\u00c4lvdalens Fiskecenter - fiska i Dalarna","article_modified_time":"2020-05-15T12:51:51+00:00","twitter_card":"summary_large_image","twitter_misc":{"Gesch\u00e4tzte Lesezeit":"1\u00a0Minute"},"schema":{"@context":"https:\/\/schema.org","@graph":[{"@type":"WebPage","@id":"https:\/\/alvdalenfiske.se\/de\/skinnfallsbodarna\/","url":"https:\/\/alvdalenfiske.se\/de\/skinnfallsbodarna\/","name":"Skinnf\u00e4llsbodarna | \u00c4lvdalens Fiskecenter - fiska i Dalarna","isPartOf":{"@id":"https:\/\/alvdalenfiske.se\/#website"},"datePublished":"2017-03-06T10:20:32+00:00","dateModified":"2020-05-15T12:51:51+00:00","breadcrumb":{"@id":"https:\/\/alvdalenfiske.se\/de\/skinnfallsbodarna\/#breadcrumb"},"inLanguage":"de","potentialAction":[{"@type":"ReadAction","target":["https:\/\/alvdalenfiske.se\/de\/skinnfallsbodarna\/"]}]},{"@type":"BreadcrumbList","@id":"https:\/\/alvdalenfiske.se\/de\/skinnfallsbodarna\/#breadcrumb","itemListElement":[{"@type":"ListItem","position":1,"name":"Hem","item":"https:\/\/alvdalenfiske.se\/de\/"},{"@type":"ListItem","position":2,"name":"Skinnf\u00e4llsbodarna"}]},{"@type":"WebSite","@id":"https:\/\/alvdalenfiske.se\/#website","url":"https:\/\/alvdalenfiske.se\/","name":"\u00c4lvdalens Fiskecenter - fiska i Dalarna","description":"Where the big fishes lures","potentialAction":[{"@type":"SearchAction","target":{"@type":"EntryPoint","urlTemplate":"https:\/\/alvdalenfiske.se\/?s={search_term_string}"},"query-input":{"@type":"PropertyValueSpecification","valueRequired":true,"valueName":"search_term_string"}}],"inLanguage":"de"}]}},"_links":{"self":[{"href":"https:\/\/alvdalenfiske.se\/de\/wp-json\/wp\/v2\/pages\/2694","targetHints":{"allow":["GET"]}}],"collection":[{"href":"https:\/\/alvdalenfiske.se\/de\/wp-json\/wp\/v2\/pages"}],"about":[{"href":"https:\/\/alvdalenfiske.se\/de\/wp-json\/wp\/v2\/types\/page"}],"author":[{"embeddable":true,"href":"https:\/\/alvdalenfiske.se\/de\/wp-json\/wp\/v2\/users\/2"}],"replies":[{"embeddable":true,"href":"https:\/\/alvdalenfiske.se\/de\/wp-json\/wp\/v2\/comments?post=2694"}],"version-history":[{"count":1,"href":"https:\/\/alvdalenfiske.se\/de\/wp-json\/wp\/v2\/pages\/2694\/revisions"}],"predecessor-version":[{"id":2856,"href":"https:\/\/alvdalenfiske.se\/de\/wp-json\/wp\/v2\/pages\/2694\/revisions\/2856"}],"wp:attachment":[{"href":"https:\/\/alvdalenfiske.se\/de\/wp-json\/wp\/v2\/media?parent=2694"}],"curies":[{"name":"wp","href":"https:\/\/api.w.org\/{rel}","templated":true}]}}