{"id":3625,"date":"2020-05-13T13:05:40","date_gmt":"2020-05-13T11:05:40","guid":{"rendered":"https:\/\/alvdalenfiske.se\/strommande-vatten\/"},"modified":"2020-10-13T14:20:35","modified_gmt":"2020-10-13T12:20:35","slug":"fliessendes-wasser","status":"publish","type":"page","link":"https:\/\/alvdalenfiske.se\/de\/fliessendes-wasser\/","title":{"rendered":"Flie\u00dfendes Wasser"},"content":{"rendered":"\n\t<section class=\"section sid-header dark has-parallax\" id=\"section_336928147\">\n\t\t<div class=\"section-bg fill\" data-parallax-container=\".section\" data-parallax-background data-parallax=\"-5\">\n\t\t\t<img loading=\"lazy\" decoding=\"async\" width=\"2000\" height=\"1247\" src=\"https:\/\/alvdalenfiske.se\/wp-content\/uploads\/2020\/04\/magi.jpg\" class=\"bg attachment-original size-original\" alt=\"\" \/>\t\t\t\t\t\t<div class=\"section-bg-overlay absolute fill\"><\/div>\n\t\t\t\n\n\t\t<\/div>\n\n\t\t\n\n\t\t<div class=\"section-content relative\">\n\t\t\t\n<div class=\"row align-right header-text\"  id=\"row-525355406\">\n\n\t<div id=\"col-1201611404\" class=\"col medium-6 small-12 large-12\"  >\n\t\t\t\t<div class=\"col-inner dark\"  >\n\t\t\t\n\t\t\t\n<h1 style=\"text-align: right;\">GEW\u00c4SSER<\/h1>\n<p id=\"fancy-title-4\" class=\"mk-fancy-titlesimple-stylecolor-single\" style=\"text-align: right;\">\u2013 \u00c4lvdalen bietet vielfache M\u00f6glichkeiten<\/p>\n<p style=\"text-align: right;\">\u00a0<\/p>\n\t\t<\/div>\n\t\t\t\t\t<\/div>\n\n\t\n<\/div>\n\t\t<\/div>\n\n\t\t\n<style>\n#section_336928147 {\n  padding-top: 90px;\n  padding-bottom: 90px;\n  min-height: 400px;\n}\n#section_336928147 .section-bg-overlay {\n  background-color: rgba(0, 0, 0, 0.35);\n}\n#section_336928147 .section-bg img {\n  object-position: 55% 78%;\n}\n@media (min-width:550px) {\n  #section_336928147 {\n    padding-top: 90px;\n    padding-bottom: 90px;\n  }\n}\n@media (min-width:850px) {\n  #section_336928147 {\n    min-height: 300px;\n  }\n}\n<\/style>\n\t<\/section>\n\t\n\n\t<section class=\"section\" id=\"section_343372737\">\n\t\t<div class=\"section-bg fill\" >\n\t\t\t\t\t\t\t\t\t\n\t\t\t\n\n\t\t<\/div>\n\n\t\t\n\n\t\t<div class=\"section-content relative\">\n\t\t\t\n<div class=\"row\"  id=\"row-1765524889\">\n\n\t<div id=\"col-677352698\" class=\"col medium-8 small-12 large-8\"  >\n\t\t\t\t<div class=\"col-inner text-left\"  >\n\t\t\t\n\t\t\t\n<p><img loading=\"lazy\" decoding=\"async\" class=\"alignnone size-medium wp-image-3290\" src=\"https:\/\/alvdalenfiske.se\/wp-content\/uploads\/2017\/03\/strommande-karta-1-300x225.jpg\" alt=\"\" width=\"300\" height=\"225\" srcset=\"https:\/\/alvdalenfiske.se\/wp-content\/uploads\/2017\/03\/strommande-karta-1-300x225.jpg 300w, https:\/\/alvdalenfiske.se\/wp-content\/uploads\/2017\/03\/strommande-karta-1.jpg 350w\" sizes=\"auto, (max-width: 300px) 100vw, 300px\" \/><\/p>\n<h3>GEW\u00c4SSER<\/h3>\n<p>\u00c4lvdalen bietet vielfache M\u00f6glichkeiten. Neben den Fl\u00fcssen \u00d6sterdal\u00e4lven, Rot\u00e4lven, Van\u00e5n und Tenn\u00e5n stehen \u00fcber 400 Seen und B\u00e4che f\u00fcr eine abwechslungsreiche Fischerei zur Verf\u00fcgung. In den Fliessgew\u00e4ssern leben haupts\u00e4chlich Forellen und \u00c4schen, in den kleineren Waldseen neben Forellen auch Saiblingen. Im Gebiet um L\u00f6vn\u00e4s und Norn\u00e4s findet man auch gute Hechtgew\u00e4sser. Hier kann jeder sein eigenes Traumwasser finden. Das Gebiet ist gr\u00f6sstenteils leicht zug\u00e4nglich und viele Gew\u00e4sser liegen am Wegrand, wer jedoch die weglose Wildnis sucht, kann sich hier den Traum vom Abenteuer erf\u00fcllen.<\/p>\n<p><strong>Angelsaison<\/strong><br \/>Die Fischerei in den Fl\u00fcssen erreicht ihren H\u00f6hepunkt mit dem Schl\u00fcpfen der verschiedenen Insekten von Mitte April bis Ende Juli, aber auch die Herbstfischerei auf \u00c4schen im September und Oktober ist sehr lohnenswert. Das Angeln in den gr\u00f6sseren und kleineren Seen der Umgebung beginnt Mitte Juni und kann bis weit in den September andauern.<\/p>\n<p><strong>Angelmethoden<\/strong><br \/>Forellen, \u00c4schen und Saiblinge sind ein lohnende Ziele mit der Fliegenrute, aber auch Spinnfischen ist eine Erfolg versprechende Methode. Hechte sind am besten fr\u00fch morgens oder sp\u00e4t abends zu \u00fcberlisten, wobei das Fliegenfischen auf Hechte auch immer mehr in Mode kommt.<\/p>\n<p><strong>Fliessgew\u00e4sser in \u00c4lvdalen<\/strong><br \/>Nachfolgend finden Sie eine Auswahl an Fliessgew\u00e4ssern, deren Besuch Sie bestimmt nicht entt\u00e4uscht. Bitte denken Sie daran, dass es sich bei den Forellen und \u00c4schen um Wildbest\u00e4nde handelt. Aus diesem Grund empfehlen wir sinnvolles \u201ecatch and release\u201c zu betreiben.<\/p>\n<p><strong>\u00d6sterdal\u00e4lven<\/strong>, 23 km \u00c4lvdalens Glanzst\u00fcck mit sehr guter Fischerei, haupts\u00e4chlich auf \u00c4schen.<\/p>\n<p><strong>Rot\u00e4lven<\/strong>, 46 km Wildnisfluss mit Forellen im oberen Abschnitt, im unteren Bereich auch \u00c4schen.<\/p>\n<p><strong>Van\u00e5n<\/strong>, 28 km Kleinerer, abwechslungsreicher Fluss mit Forellen und \u00c4schen, 28 km.<\/p>\n<p><strong>Tenn\u00e5n<\/strong>, 24 km Interessantes Gew\u00e4sser mit Danica-Schl\u00fcpfen um Mittsommer \u2013 \u00fcberwiegend Forellen.<\/p>\n<p>Wir geben gerne unsere jahrelange Erfahrung weiter, damit Ihre Angeltour zum Erlebnis wird!<\/p>\n\t\t<\/div>\n\t\t\t\t\t<\/div>\n\n\t\n\n\t<div id=\"col-1108939303\" class=\"col pris-aktivitet medium-4 small-12 large-4\"  >\n\t\t\t\t<div class=\"col-inner dark\" style=\"background-color:rgb(22, 28, 37);\" >\n\t\t\t\n\t\t\t\n\n\t\t<div class=\"icon-box featured-box icon-box-center text-center is-large\"  >\n\t\t\t\t\t<div class=\"icon-box-img has-icon-bg\" style=\"width: 128px\">\n\t\t\t\t<div class=\"icon\">\n\t\t\t\t\t<div class=\"icon-inner\" style=\"border-width:2px;color:rgb(57, 75, 63);\">\n\t\t\t\t\t\t<?xml version=\"1.0\" encoding=\"UTF-8\"?> <!-- Generator: Adobe Illustrator 19.0.0, SVG Export Plug-In . SVG Version: 6.00 Build 0) --> <svg xmlns=\"http:\/\/www.w3.org\/2000\/svg\" xmlns:xlink=\"http:\/\/www.w3.org\/1999\/xlink\" version=\"1.1\" id=\"Layer_1\" x=\"0px\" y=\"0px\" viewBox=\"0 0 511.998 511.998\" style=\"enable-background:new 0 0 511.998 511.998;\" xml:space=\"preserve\"> <g> <g> <rect x=\"276.709\" y=\"207.536\" width=\"15.198\" height=\"96.924\"><\/rect> <\/g> <\/g> <g> <g> <rect x=\"312.111\" y=\"207.536\" width=\"15.198\" height=\"96.924\"><\/rect> <\/g> <\/g> <g> <g> <rect x=\"347.523\" y=\"207.536\" width=\"15.198\" height=\"96.924\"><\/rect> <\/g> <\/g> <g> <g> <path d=\"M440.377,229.016c-14.877,0-26.982,12.104-26.982,26.983s12.104,26.983,26.982,26.983s26.982-12.104,26.982-26.983 C467.359,241.121,455.255,229.016,440.377,229.016z M440.378,267.784c-6.498,0-11.784-5.287-11.784-11.785 s5.286-11.785,11.784-11.785c6.497,0,11.784,5.287,11.784,11.785S446.876,267.784,440.378,267.784z\"><\/path> <\/g> <\/g> <g> <g> <path d=\"M511.362,253.845c-0.418-1.415-10.602-35.058-40.92-68.972c-17.817-19.93-38.928-35.813-62.746-47.208 c-17.782-8.507-37.096-14.479-57.719-17.917L327.565,75.43h-110.8l24.849,49.142c-12.393,3.357-24.232,7.722-35.462,13.094 c-23.819,11.395-44.93,27.278-62.746,47.208c-17.33,19.387-28.074,38.672-34.183,51.912c-4.444-8.553-10.825-19.486-19.169-30.49 c-23.874-31.48-52.386-48.119-82.455-48.119H0v195.646h7.599c30.069,0,58.581-16.639,82.454-48.119 c8.344-11.003,14.725-21.936,19.169-30.49c6.11,13.24,16.853,32.526,34.183,51.912c17.816,19.93,38.928,35.813,62.746,47.208 c11.229,5.372,23.069,9.737,35.461,13.094l-24.848,49.14h110.8l22.41-44.317c20.623-3.437,39.938-9.41,57.72-17.917 c23.819-11.395,44.93-27.278,62.746-47.208c30.317-33.914,40.501-67.556,40.92-68.972l0.637-2.155L511.362,253.845z M15.198,338.189v-74.591h63.658V248.4H15.198v-74.589c50.509,5.824,80.308,68.284,86.342,82.189 C95.503,269.914,65.703,332.365,15.198,338.189z M241.481,90.628h76.739l13.538,26.772c-0.383-0.035-0.771-0.06-1.156-0.092 c-1.497-0.131-2.995-0.255-4.503-0.36c-0.686-0.049-1.376-0.085-2.064-0.128c-1.401-0.087-2.802-0.174-4.214-0.239 c-0.999-0.047-2.003-0.075-3.005-0.11c-1.12-0.04-2.234-0.087-3.36-0.113c-2.171-0.051-4.349-0.079-6.532-0.079 c-2.243,0-4.476,0.028-6.7,0.081c-0.878,0.021-1.746,0.063-2.62,0.091c-1.332,0.045-2.665,0.084-3.988,0.148 c-1.046,0.05-2.081,0.119-3.12,0.181c-1.148,0.068-2.299,0.132-3.44,0.214c-1.062,0.076-2.115,0.171-3.169,0.26 c-1.122,0.095-2.244,0.186-3.359,0.295c-1.008,0.099-2.008,0.212-3.01,0.321c-1.172,0.128-2.345,0.257-3.509,0.401 c-0.91,0.112-1.816,0.236-2.72,0.359c-1.265,0.171-2.526,0.346-3.78,0.535c-0.793,0.12-1.583,0.246-2.372,0.373 c-1.372,0.221-2.737,0.45-4.095,0.693c-0.678,0.122-1.354,0.247-2.028,0.374c-0.723,0.133-1.453,0.254-2.172,0.397L241.481,90.628 z M318.221,421.37h-76.739l15.358-30.373c0.696,0.138,1.403,0.255,2.102,0.387c0.717,0.136,1.437,0.27,2.157,0.398 c1.317,0.234,2.64,0.457,3.969,0.671c0.826,0.134,1.652,0.266,2.481,0.392c1.221,0.183,2.448,0.354,3.678,0.52 c0.934,0.127,1.868,0.254,2.809,0.37c1.139,0.141,2.284,0.266,3.43,0.393c1.024,0.111,2.048,0.228,3.077,0.327 c1.095,0.106,2.2,0.197,3.302,0.29c1.072,0.091,2.141,0.187,3.219,0.265c1.13,0.081,2.268,0.144,3.402,0.212 c1.05,0.062,2.095,0.133,3.15,0.183c1.313,0.063,2.636,0.102,3.959,0.146c0.885,0.029,1.763,0.071,2.651,0.092 c2.222,0.053,4.454,0.081,6.696,0.081c2.183,0,4.361-0.028,6.533-0.079c1.124-0.026,2.237-0.074,3.355-0.114 c1.004-0.035,2.01-0.065,3.011-0.11c1.411-0.066,2.812-0.152,4.212-0.239c0.688-0.043,1.378-0.079,2.064-0.128 c1.512-0.105,3.013-0.231,4.512-0.362c0.382-0.035,0.767-0.059,1.148-0.093L318.221,421.37z M459.112,316.997 c-16.472,18.426-35.977,33.105-57.975,43.628c-2.465,1.179-4.975,2.288-7.504,3.363V344.29h-15.198v25.413 c-10.589,3.477-21.665,6.13-33.195,7.932l-1.334,0.2c-0.316,0.048-0.636,0.088-0.953,0.134c-2.278,0.332-4.576,0.63-6.89,0.899 c-0.62,0.071-1.239,0.144-1.861,0.211c-1.109,0.12-2.223,0.231-3.341,0.336c-0.7,0.065-1.404,0.125-2.108,0.184 c-1.47,0.126-2.945,0.238-4.426,0.337c-1.215,0.081-2.429,0.161-3.652,0.226c-0.799,0.042-1.603,0.073-2.406,0.107 c-1.2,0.052-2.401,0.097-3.609,0.132c-0.674,0.02-1.349,0.041-2.024,0.056c-1.895,0.04-3.796,0.068-5.709,0.068 c-2.245,0-4.478-0.03-6.7-0.086c-0.619-0.015-1.229-0.048-1.845-0.067c-1.602-0.052-3.202-0.105-4.789-0.185 c-0.743-0.037-1.476-0.092-2.216-0.136c-1.444-0.086-2.888-0.172-4.32-0.283c-0.837-0.064-1.666-0.145-2.499-0.217 c-1.306-0.113-2.611-0.227-3.906-0.362c-0.95-0.098-1.893-0.211-2.837-0.32c-1.144-0.132-2.289-0.263-3.425-0.411 c-1.074-0.14-2.14-0.294-3.207-0.448c-0.976-0.141-1.95-0.282-2.919-0.435c-1.185-0.187-2.364-0.388-3.539-0.593 c-0.829-0.144-1.657-0.29-2.48-0.442c-1.254-0.233-2.503-0.479-3.747-0.734c-0.748-0.152-1.493-0.308-2.236-0.468 c-15.287-3.292-29.714-8.135-43.164-14.533c-21.957-10.442-41.445-25.017-57.92-43.321c-18.79-20.874-29.402-41.99-34.432-53.888 h132.644V248.4H120.725c4.964-11.775,15.416-32.595,34.012-53.396c16.472-18.426,35.977-33.105,57.975-43.628 c13.538-6.477,28.066-11.375,43.469-14.7c0.698-0.15,1.399-0.296,2.101-0.44c1.292-0.266,2.589-0.523,3.894-0.766 c0.778-0.146,1.562-0.282,2.347-0.418c1.223-0.215,2.45-0.425,3.683-0.619c0.931-0.148,1.868-0.282,2.806-0.417 c1.106-0.161,2.214-0.322,3.328-0.468c1.109-0.145,2.227-0.274,3.344-0.402c0.974-0.112,1.945-0.231,2.925-0.331 c1.282-0.133,2.574-0.244,3.865-0.357c0.848-0.074,1.691-0.156,2.544-0.222c1.434-0.11,2.881-0.197,4.326-0.283 c0.74-0.044,1.474-0.099,2.217-0.137c1.594-0.081,3.2-0.135,4.807-0.186c0.615-0.02,1.225-0.052,1.842-0.067 c2.227-0.057,4.464-0.086,6.714-0.086c1.907,0,3.8,0.028,5.687,0.068c0.677,0.015,1.354,0.034,2.029,0.055 c1.197,0.034,2.387,0.08,3.576,0.13c0.81,0.035,1.62,0.068,2.427,0.109c1.148,0.061,2.289,0.136,3.43,0.211 c1.551,0.101,3.096,0.219,4.635,0.35c0.703,0.06,1.407,0.118,2.107,0.183c1.107,0.104,2.211,0.216,3.31,0.333 c0.647,0.069,1.292,0.145,1.937,0.219c2.326,0.27,4.636,0.568,6.925,0.903c0.286,0.042,0.573,0.077,0.859,0.12l1.212,0.181 c11.595,1.803,22.733,4.462,33.376,7.959v181.727h15.198V148.011c2.399,1.02,4.78,2.069,7.121,3.183 c21.957,10.442,41.445,25.017,57.919,43.321c24.039,26.705,34.693,53.805,37.397,61.493 C493.399,263.651,482.942,290.34,459.112,316.997z\"><\/path> <\/g> <\/g> <g> <\/g> <g> <\/g> <g> <\/g> <g> <\/g> <g> <\/g> <g> <\/g> <g> <\/g> <g> <\/g> <g> <\/g> <g> <\/g> <g> <\/g> <g> <\/g> <g> <\/g> <g> <\/g> <g> <\/g> <\/svg> \t\t\t\t\t<\/div>\n\t\t\t\t<\/div>\n\t\t\t<\/div>\n\t\t\t\t<div class=\"icon-box-text last-reset\">\n\t\t\t\t\t\t\t\t\t\n<h5 class=\"p1\">WUSSTEN SIE SCHON:<\/h5>\n<div class=\"is-divider divider clearfix\" style=\"margin-top:0.5em;margin-bottom:0.5em;max-width:40px;\"><\/div>\n<p class=\"p1\">KURSE VON MAI BIS MITTE OKTOBER!<\/p>\n\t<div id=\"gap-1471373781\" class=\"gap-element clearfix\" style=\"display:block; height:auto;\">\n\t\t\n<style>\n#gap-1471373781 {\n  padding-top: 30px;\n}\n<\/style>\n\t<\/div>\n\t\n<a href=\"\/guidning\/\" class=\"button white is-outline\" >\n\t\t<span>Fliegenfischerkurs<\/span>\n\t<\/a>\n\n\t\t<\/div>\n\t<\/div>\n\t\n\t\n\t\t<\/div>\n\t\t\t\t\n<style>\n#col-1108939303 > .col-inner {\n  padding: 10% 10% 10% 10%;\n}\n<\/style>\n\t<\/div>\n\n\t\n<\/div>\n<div class=\"row\"  id=\"row-1926207232\">\n\n\t<div id=\"col-144693361\" class=\"col small-12 large-12\"  >\n\t\t\t\t<div class=\"col-inner\"  >\n\t\t\t\n\t\t\t\n<div class=\"row\"  id=\"row-988282103\">\n\n\t<div id=\"col-1710014302\" class=\"col small-12 large-12\"  >\n\t\t\t\t<div class=\"col-inner\"  >\n\t\t\t\n\t\t\t\n\n\t\t<\/div>\n\t\t\t\t\t<\/div>\n\n\t\n<\/div>\n  <div class=\"banner-grid-wrapper\">\n  <div id=\"banner-grid-1579435743\" class=\"banner-grid row row-grid row-xsmall\" data-packery-options=\"\">\n                      \n<div class=\"col grid-col small-6 large-4 grid-col-1 hide-for-small\" ><div class=\"col-inner\">\n\n  <div class=\"banner has-hover\" id=\"banner-392523030\">\n          <div class=\"banner-inner fill\">\n        <div class=\"banner-bg fill\" >\n            <img loading=\"lazy\" decoding=\"async\" width=\"2000\" height=\"1333\" src=\"https:\/\/alvdalenfiske.se\/wp-content\/uploads\/2020\/05\/IMG_7054.jpg\" class=\"bg attachment-original size-original\" alt=\"\" \/>                                    \n                    <\/div>\n\t\t\n        <div class=\"banner-layers container\">\n            <div class=\"fill banner-link\"><\/div>            \n        <\/div>\n      <\/div>\n\n            \n<style>\n#banner-392523030 {\n  padding-top: 500px;\n}\n#banner-392523030 .banner-bg img {\n  object-position: 96% 71%;\n}\n<\/style>\n  <\/div>\n\n\n<\/div><\/div>\n<div class=\"col grid-col small-6 large-5 grid-col-1 hide-for-small\" ><div class=\"col-inner\">\n\n  <div class=\"banner has-hover\" id=\"banner-809804814\">\n          <div class=\"banner-inner fill\">\n        <div class=\"banner-bg fill\" >\n            <img loading=\"lazy\" decoding=\"async\" width=\"2000\" height=\"1373\" src=\"https:\/\/alvdalenfiske.se\/wp-content\/uploads\/2020\/10\/1-3-strommande-vatten-5.jpg\" class=\"bg attachment-original size-original\" alt=\"\" \/>                                    \n                    <\/div>\n\t\t\n        <div class=\"banner-layers container\">\n            <div class=\"fill banner-link\"><\/div>            \n        <\/div>\n      <\/div>\n\n            \n<style>\n#banner-809804814 {\n  padding-top: 500px;\n}\n#banner-809804814 .banner-bg img {\n  object-position: 38% 55%;\n}\n<\/style>\n  <\/div>\n\n\n<\/div><\/div>\n<div class=\"col grid-col small-6 large-3 grid-col-1-2\" ><div class=\"col-inner\">\n\n  <div class=\"banner has-hover\" id=\"banner-283763320\">\n          <div class=\"banner-inner fill\">\n        <div class=\"banner-bg fill\" >\n            <img loading=\"lazy\" decoding=\"async\" width=\"2000\" height=\"1334\" src=\"https:\/\/alvdalenfiske.se\/wp-content\/uploads\/2020\/10\/1-3-strommande-vatten-4.jpg\" class=\"bg attachment-original size-original\" alt=\"\" \/>                                    \n                    <\/div>\n\t\t\n        <div class=\"banner-layers container\">\n            <div class=\"fill banner-link\"><\/div>            \n        <\/div>\n      <\/div>\n\n            \n<style>\n#banner-283763320 {\n  padding-top: 500px;\n}\n#banner-283763320 .banner-bg img {\n  object-position: 63% 26%;\n}\n<\/style>\n  <\/div>\n\n\n<\/div><\/div>\n<div class=\"col grid-col small-6 large-3 grid-col-1-2\" ><div class=\"col-inner\">\n\n  <div class=\"banner has-hover\" id=\"banner-108708419\">\n          <div class=\"banner-inner fill\">\n        <div class=\"banner-bg fill\" >\n            <img loading=\"lazy\" decoding=\"async\" width=\"2000\" height=\"1156\" src=\"https:\/\/alvdalenfiske.se\/wp-content\/uploads\/2020\/05\/5sog2insta.jpg\" class=\"bg attachment-original size-original\" alt=\"\" \/>                                    \n                    <\/div>\n\t\t\n        <div class=\"banner-layers container\">\n            <div class=\"fill banner-link\"><\/div>            \n        <\/div>\n      <\/div>\n\n            \n<style>\n#banner-108708419 {\n  padding-top: 500px;\n}\n#banner-108708419 .banner-bg img {\n  object-position: 51% 64%;\n}\n<\/style>\n  <\/div>\n\n\n<\/div><\/div>\n<div class=\"col grid-col large-12 grid-col-1\" ><div class=\"col-inner\">\n\n  <div class=\"banner has-hover\" id=\"banner-664012820\">\n          <div class=\"banner-inner fill\">\n        <div class=\"banner-bg fill\" >\n            <img loading=\"lazy\" decoding=\"async\" width=\"2000\" height=\"1308\" src=\"https:\/\/alvdalenfiske.se\/wp-content\/uploads\/2020\/10\/1-3-strommande-vatten-3.jpg\" class=\"bg attachment-original size-original\" alt=\"\" \/>                                    \n                    <\/div>\n\t\t\n        <div class=\"banner-layers container\">\n            <div class=\"fill banner-link\"><\/div>            \n        <\/div>\n      <\/div>\n\n            \n<style>\n#banner-664012820 {\n  padding-top: 500px;\n}\n#banner-664012820 .banner-bg img {\n  object-position: 3% 28%;\n}\n<\/style>\n  <\/div>\n\n\n<\/div><\/div>\n            <\/div>\n    <style>\n    #banner-grid-1579435743 .grid-col-1{height: 400px}\n    #banner-grid-1579435743 .grid-col-1-2{height: 200px}\n    #banner-grid-1579435743 .grid-col-1-3{height:133.33333333333px}\n    #banner-grid-1579435743 .grid-col-2-3{height: 266.66666666667px}\n    #banner-grid-1579435743 .grid-col-1-4{height: 100px}\n    #banner-grid-1579435743 .grid-col-3-4{height: 300px}\n\n\n    \n    \n\n  <\/style>\n    <\/div>\n  \n\t\t<\/div>\n\t\t\t\t\t<\/div>\n\n\t\n<\/div>\n\t\t<\/div>\n\n\t\t\n<style>\n#section_343372737 {\n  padding-top: 30px;\n  padding-bottom: 30px;\n}\n@media (min-width:550px) {\n  #section_343372737 {\n    padding-top: 60px;\n    padding-bottom: 60px;\n  }\n}\n@media (min-width:850px) {\n  #section_343372737 {\n    padding-top: 90px;\n    padding-bottom: 90px;\n  }\n}\n<\/style>\n\t<\/section>\n\t\n","protected":false},"excerpt":{"rendered":"","protected":false},"author":2,"featured_media":0,"parent":0,"menu_order":0,"comment_status":"closed","ping_status":"closed","template":"page-blank.php","meta":{"footnotes":""},"class_list":["post-3625","page","type-page","status-publish","hentry"],"yoast_head":"<!-- This site is optimized with the Yoast SEO plugin v27.4 - https:\/\/yoast.com\/product\/yoast-seo-wordpress\/ -->\n<title>Flugfiskekurser f\u00f6r alla fiskare | \u00c4lvdalens Fiskecenter - fiska i Dalarna<\/title>\n<meta name=\"description\" content=\"Vill du bli en b\u00e4ttre flugfiskare? G\u00e5 en flugfiskekurs hos oss p\u00e5 \u00c4lvdalens Fiskecenter. V\u00e4lj mellan grundkurs, p\u00e5byggnadkurs och flugfiskeweekend.\" \/>\n<meta name=\"robots\" content=\"index, follow, max-snippet:-1, max-image-preview:large, max-video-preview:-1\" \/>\n<link rel=\"canonical\" href=\"https:\/\/alvdalenfiske.se\/de\/fliessendes-wasser\/\" \/>\n<meta property=\"og:locale\" content=\"de_DE\" \/>\n<meta property=\"og:type\" content=\"article\" \/>\n<meta property=\"og:title\" content=\"Flugfiskekurser f\u00f6r alla fiskare | \u00c4lvdalens Fiskecenter - fiska i Dalarna\" \/>\n<meta property=\"og:description\" content=\"Vill du bli en b\u00e4ttre flugfiskare? G\u00e5 en flugfiskekurs hos oss p\u00e5 \u00c4lvdalens Fiskecenter. V\u00e4lj mellan grundkurs, p\u00e5byggnadkurs och flugfiskeweekend.\" \/>\n<meta property=\"og:url\" content=\"https:\/\/alvdalenfiske.se\/de\/fliessendes-wasser\/\" \/>\n<meta property=\"og:site_name\" content=\"\u00c4lvdalens Fiskecenter - fiska i Dalarna\" \/>\n<meta property=\"article:modified_time\" content=\"2020-10-13T12:20:35+00:00\" \/>\n<meta property=\"og:image\" content=\"https:\/\/alvdalenfiske.se\/wp-content\/uploads\/2017\/03\/strommande-karta-1-300x225.jpg\" \/>\n<meta name=\"twitter:card\" content=\"summary_large_image\" \/>\n<meta name=\"twitter:label1\" content=\"Gesch\u00e4tzte Lesezeit\" \/>\n\t<meta name=\"twitter:data1\" content=\"3\u00a0Minuten\" \/>\n<script type=\"application\/ld+json\" class=\"yoast-schema-graph\">{\"@context\":\"https:\\\/\\\/schema.org\",\"@graph\":[{\"@type\":\"WebPage\",\"@id\":\"https:\\\/\\\/alvdalenfiske.se\\\/de\\\/fliessendes-wasser\\\/\",\"url\":\"https:\\\/\\\/alvdalenfiske.se\\\/de\\\/fliessendes-wasser\\\/\",\"name\":\"Flugfiskekurser f\u00f6r alla fiskare | \u00c4lvdalens Fiskecenter - fiska i Dalarna\",\"isPartOf\":{\"@id\":\"https:\\\/\\\/alvdalenfiske.se\\\/#website\"},\"primaryImageOfPage\":{\"@id\":\"https:\\\/\\\/alvdalenfiske.se\\\/de\\\/fliessendes-wasser\\\/#primaryimage\"},\"image\":{\"@id\":\"https:\\\/\\\/alvdalenfiske.se\\\/de\\\/fliessendes-wasser\\\/#primaryimage\"},\"thumbnailUrl\":\"https:\\\/\\\/alvdalenfiske.se\\\/wp-content\\\/uploads\\\/2017\\\/03\\\/strommande-karta-1-300x225.jpg\",\"datePublished\":\"2020-05-13T11:05:40+00:00\",\"dateModified\":\"2020-10-13T12:20:35+00:00\",\"description\":\"Vill du bli en b\u00e4ttre flugfiskare? G\u00e5 en flugfiskekurs hos oss p\u00e5 \u00c4lvdalens Fiskecenter. V\u00e4lj mellan grundkurs, p\u00e5byggnadkurs och flugfiskeweekend.\",\"breadcrumb\":{\"@id\":\"https:\\\/\\\/alvdalenfiske.se\\\/de\\\/fliessendes-wasser\\\/#breadcrumb\"},\"inLanguage\":\"de\",\"potentialAction\":[{\"@type\":\"ReadAction\",\"target\":[\"https:\\\/\\\/alvdalenfiske.se\\\/de\\\/fliessendes-wasser\\\/\"]}]},{\"@type\":\"ImageObject\",\"inLanguage\":\"de\",\"@id\":\"https:\\\/\\\/alvdalenfiske.se\\\/de\\\/fliessendes-wasser\\\/#primaryimage\",\"url\":\"https:\\\/\\\/alvdalenfiske.se\\\/wp-content\\\/uploads\\\/2017\\\/03\\\/strommande-karta-1-300x225.jpg\",\"contentUrl\":\"https:\\\/\\\/alvdalenfiske.se\\\/wp-content\\\/uploads\\\/2017\\\/03\\\/strommande-karta-1-300x225.jpg\"},{\"@type\":\"BreadcrumbList\",\"@id\":\"https:\\\/\\\/alvdalenfiske.se\\\/de\\\/fliessendes-wasser\\\/#breadcrumb\",\"itemListElement\":[{\"@type\":\"ListItem\",\"position\":1,\"name\":\"Hem\",\"item\":\"https:\\\/\\\/alvdalenfiske.se\\\/de\\\/\"},{\"@type\":\"ListItem\",\"position\":2,\"name\":\"Flie\u00dfendes Wasser\"}]},{\"@type\":\"WebSite\",\"@id\":\"https:\\\/\\\/alvdalenfiske.se\\\/#website\",\"url\":\"https:\\\/\\\/alvdalenfiske.se\\\/\",\"name\":\"\u00c4lvdalens Fiskecenter - fiska i Dalarna\",\"description\":\"Where the big fishes lures\",\"potentialAction\":[{\"@type\":\"SearchAction\",\"target\":{\"@type\":\"EntryPoint\",\"urlTemplate\":\"https:\\\/\\\/alvdalenfiske.se\\\/?s={search_term_string}\"},\"query-input\":{\"@type\":\"PropertyValueSpecification\",\"valueRequired\":true,\"valueName\":\"search_term_string\"}}],\"inLanguage\":\"de\"}]}<\/script>\n<!-- \/ Yoast SEO plugin. -->","yoast_head_json":{"title":"Flugfiskekurser f\u00f6r alla fiskare | \u00c4lvdalens Fiskecenter - fiska i Dalarna","description":"Vill du bli en b\u00e4ttre flugfiskare? G\u00e5 en flugfiskekurs hos oss p\u00e5 \u00c4lvdalens Fiskecenter. V\u00e4lj mellan grundkurs, p\u00e5byggnadkurs och flugfiskeweekend.","robots":{"index":"index","follow":"follow","max-snippet":"max-snippet:-1","max-image-preview":"max-image-preview:large","max-video-preview":"max-video-preview:-1"},"canonical":"https:\/\/alvdalenfiske.se\/de\/fliessendes-wasser\/","og_locale":"de_DE","og_type":"article","og_title":"Flugfiskekurser f\u00f6r alla fiskare | \u00c4lvdalens Fiskecenter - fiska i Dalarna","og_description":"Vill du bli en b\u00e4ttre flugfiskare? G\u00e5 en flugfiskekurs hos oss p\u00e5 \u00c4lvdalens Fiskecenter. V\u00e4lj mellan grundkurs, p\u00e5byggnadkurs och flugfiskeweekend.","og_url":"https:\/\/alvdalenfiske.se\/de\/fliessendes-wasser\/","og_site_name":"\u00c4lvdalens Fiskecenter - fiska i Dalarna","article_modified_time":"2020-10-13T12:20:35+00:00","og_image":[{"url":"https:\/\/alvdalenfiske.se\/wp-content\/uploads\/2017\/03\/strommande-karta-1-300x225.jpg","type":"","width":"","height":""}],"twitter_card":"summary_large_image","twitter_misc":{"Gesch\u00e4tzte Lesezeit":"3\u00a0Minuten"},"schema":{"@context":"https:\/\/schema.org","@graph":[{"@type":"WebPage","@id":"https:\/\/alvdalenfiske.se\/de\/fliessendes-wasser\/","url":"https:\/\/alvdalenfiske.se\/de\/fliessendes-wasser\/","name":"Flugfiskekurser f\u00f6r alla fiskare | \u00c4lvdalens Fiskecenter - fiska i Dalarna","isPartOf":{"@id":"https:\/\/alvdalenfiske.se\/#website"},"primaryImageOfPage":{"@id":"https:\/\/alvdalenfiske.se\/de\/fliessendes-wasser\/#primaryimage"},"image":{"@id":"https:\/\/alvdalenfiske.se\/de\/fliessendes-wasser\/#primaryimage"},"thumbnailUrl":"https:\/\/alvdalenfiske.se\/wp-content\/uploads\/2017\/03\/strommande-karta-1-300x225.jpg","datePublished":"2020-05-13T11:05:40+00:00","dateModified":"2020-10-13T12:20:35+00:00","description":"Vill du bli en b\u00e4ttre flugfiskare? G\u00e5 en flugfiskekurs hos oss p\u00e5 \u00c4lvdalens Fiskecenter. V\u00e4lj mellan grundkurs, p\u00e5byggnadkurs och flugfiskeweekend.","breadcrumb":{"@id":"https:\/\/alvdalenfiske.se\/de\/fliessendes-wasser\/#breadcrumb"},"inLanguage":"de","potentialAction":[{"@type":"ReadAction","target":["https:\/\/alvdalenfiske.se\/de\/fliessendes-wasser\/"]}]},{"@type":"ImageObject","inLanguage":"de","@id":"https:\/\/alvdalenfiske.se\/de\/fliessendes-wasser\/#primaryimage","url":"https:\/\/alvdalenfiske.se\/wp-content\/uploads\/2017\/03\/strommande-karta-1-300x225.jpg","contentUrl":"https:\/\/alvdalenfiske.se\/wp-content\/uploads\/2017\/03\/strommande-karta-1-300x225.jpg"},{"@type":"BreadcrumbList","@id":"https:\/\/alvdalenfiske.se\/de\/fliessendes-wasser\/#breadcrumb","itemListElement":[{"@type":"ListItem","position":1,"name":"Hem","item":"https:\/\/alvdalenfiske.se\/de\/"},{"@type":"ListItem","position":2,"name":"Flie\u00dfendes Wasser"}]},{"@type":"WebSite","@id":"https:\/\/alvdalenfiske.se\/#website","url":"https:\/\/alvdalenfiske.se\/","name":"\u00c4lvdalens Fiskecenter - fiska i Dalarna","description":"Where the big fishes lures","potentialAction":[{"@type":"SearchAction","target":{"@type":"EntryPoint","urlTemplate":"https:\/\/alvdalenfiske.se\/?s={search_term_string}"},"query-input":{"@type":"PropertyValueSpecification","valueRequired":true,"valueName":"search_term_string"}}],"inLanguage":"de"}]}},"_links":{"self":[{"href":"https:\/\/alvdalenfiske.se\/de\/wp-json\/wp\/v2\/pages\/3625","targetHints":{"allow":["GET"]}}],"collection":[{"href":"https:\/\/alvdalenfiske.se\/de\/wp-json\/wp\/v2\/pages"}],"about":[{"href":"https:\/\/alvdalenfiske.se\/de\/wp-json\/wp\/v2\/types\/page"}],"author":[{"embeddable":true,"href":"https:\/\/alvdalenfiske.se\/de\/wp-json\/wp\/v2\/users\/2"}],"replies":[{"embeddable":true,"href":"https:\/\/alvdalenfiske.se\/de\/wp-json\/wp\/v2\/comments?post=3625"}],"version-history":[{"count":10,"href":"https:\/\/alvdalenfiske.se\/de\/wp-json\/wp\/v2\/pages\/3625\/revisions"}],"predecessor-version":[{"id":5353,"href":"https:\/\/alvdalenfiske.se\/de\/wp-json\/wp\/v2\/pages\/3625\/revisions\/5353"}],"wp:attachment":[{"href":"https:\/\/alvdalenfiske.se\/de\/wp-json\/wp\/v2\/media?parent=3625"}],"curies":[{"name":"wp","href":"https:\/\/api.w.org\/{rel}","templated":true}]}}