{"id":4403,"date":"2020-04-23T10:58:46","date_gmt":"2020-04-23T08:58:46","guid":{"rendered":"https:\/\/alvdalenfiske.se\/vara-kurser\/"},"modified":"2020-10-13T14:48:41","modified_gmt":"2020-10-13T12:48:41","slug":"unsere-kurse","status":"publish","type":"page","link":"https:\/\/alvdalenfiske.se\/de\/unsere-kurse\/","title":{"rendered":"Unsere Kurse"},"content":{"rendered":"\n\t<section class=\"section sid-header dark has-parallax\" id=\"section_97344431\">\n\t\t<div class=\"section-bg fill\" data-parallax-container=\".section\" data-parallax-background data-parallax=\"-5\">\n\t\t\t<img loading=\"lazy\" decoding=\"async\" width=\"2560\" height=\"1426\" src=\"https:\/\/alvdalenfiske.se\/wp-content\/uploads\/2017\/03\/1-hour-5insta-1-scaled.jpg\" class=\"bg attachment-original size-original\" alt=\"\" \/>\t\t\t\t\t\t<div class=\"section-bg-overlay absolute fill\"><\/div>\n\t\t\t\n\n\t\t<\/div>\n\n\t\t\n\n\t\t<div class=\"section-content relative\">\n\t\t\t\n<div class=\"row align-right header-text\"  id=\"row-1242889415\">\n\n\t<div id=\"col-1416362682\" class=\"col medium-6 small-12 large-12\"  >\n\t\t\t\t<div class=\"col-inner dark\"  >\n\t\t\t\n\t\t\t\n<h1 style=\"text-align: right;\">Fliegenfischerkurse<\/h1>\n\t\t<\/div>\n\t\t\t\t\t<\/div>\n\n\t\n<\/div>\n\t\t<\/div>\n\n\t\t\n<style>\n#section_97344431 {\n  padding-top: 90px;\n  padding-bottom: 90px;\n  min-height: 400px;\n}\n#section_97344431 .section-bg-overlay {\n  background-color: rgba(0, 0, 0, 0.53);\n}\n#section_97344431 .section-bg img {\n  object-position: 45% 43%;\n}\n@media (min-width:550px) {\n  #section_97344431 {\n    padding-top: 90px;\n    padding-bottom: 90px;\n  }\n}\n@media (min-width:850px) {\n  #section_97344431 {\n    min-height: 300px;\n  }\n}\n<\/style>\n\t<\/section>\n\t\n\n\t<section class=\"section\" id=\"section_2134704989\">\n\t\t<div class=\"section-bg fill\" >\n\t\t\t\t\t\t\t\t\t\n\t\t\t\n\n\t\t<\/div>\n\n\t\t\n\n\t\t<div class=\"section-content relative\">\n\t\t\t\n<div class=\"row align-middle\"  id=\"row-283976458\">\n\n\t<div id=\"col-1408319504\" class=\"col medium-8 small-12 large-8\"  >\n\t\t\t\t<div class=\"col-inner text-left\"  >\n\t\t\t\n\t\t\t\n<h3>Fliegenfischerkurse<\/h3>\n<p>Fliegenfischerkurse in \u00c4lvdalen, Norddalarna Erlernen Sie die Grundz\u00fcge des Fliegenfischens. Ein erfahrener, ortsans\u00e4ssiger Fliegenfischer vermittelt Ihnen alle notwendigen Kenntnisse wie z.B. die Stadel\u00e4tze der Fische und Fliegenwahl und ist auch bei der Zusammenstellung Ihrer Ausr\u00fcstung behilflich. Erweitern Sie Ihr bereits vorhandenes Wissen in einem Aufbaukurs. Das Erlebnis, einen Fisch mit der Fliegenrute zu fangen, kann nicht mit Worten beschrieben werden. Sie sollten es selbst erleben!<\/p>\n\t\t<\/div>\n\t\t\t\t\t<\/div>\n\n\t\n\n\t<div id=\"col-1913165941\" class=\"col medium-4 small-12 large-4\"  >\n\t\t\t\t<div class=\"col-inner text-left\"  >\n\t\t\t\n\t\t\t\n\t<div class=\"img has-hover x md-x lg-x y md-y lg-y\" id=\"image_1307599145\">\n\t\t\t\t\t\t\t\t<div class=\"img-inner dark\" >\n\t\t\t<img loading=\"lazy\" decoding=\"async\" width=\"1020\" height=\"628\" src=\"https:\/\/alvdalenfiske.se\/wp-content\/uploads\/2020\/05\/tenn2-1024x630.jpg\" class=\"attachment-large size-large\" alt=\"\" srcset=\"https:\/\/alvdalenfiske.se\/wp-content\/uploads\/2020\/05\/tenn2-1024x630.jpg 1024w, https:\/\/alvdalenfiske.se\/wp-content\/uploads\/2020\/05\/tenn2-300x185.jpg 300w, https:\/\/alvdalenfiske.se\/wp-content\/uploads\/2020\/05\/tenn2-768x473.jpg 768w, https:\/\/alvdalenfiske.se\/wp-content\/uploads\/2020\/05\/tenn2-1536x945.jpg 1536w, https:\/\/alvdalenfiske.se\/wp-content\/uploads\/2020\/05\/tenn2.jpg 2000w\" sizes=\"auto, (max-width: 1020px) 100vw, 1020px\" \/>\t\t\t\t\t\t\n\t\t\t\t\t<\/div>\n\t\t\t\t\t\t\t\t\n<style>\n#image_1307599145 {\n  width: 100%;\n}\n<\/style>\n\t<\/div>\n\t\n\t\t<\/div>\n\t\t\t\t\t<\/div>\n\n\t\n<\/div>\n<div class=\"row\"  id=\"row-1957473996\">\n\n\t<div id=\"col-1885810840\" class=\"col small-12 large-12\"  >\n\t\t\t\t<div class=\"col-inner\"  >\n\t\t\t\n\t\t\t\n  <div class=\"banner-grid-wrapper\">\n  <div id=\"banner-grid-597978396\" class=\"banner-grid row row-grid row-xsmall\" data-packery-options=\"\">\n                      \n<div class=\"col grid-col small-6 large-4 grid-col-1 hide-for-small\" ><div class=\"col-inner\">\n\n  <div class=\"banner has-hover\" id=\"banner-1041211278\">\n          <div class=\"banner-inner fill\">\n        <div class=\"banner-bg fill\" >\n            <img loading=\"lazy\" decoding=\"async\" width=\"775\" height=\"775\" src=\"https:\/\/alvdalenfiske.se\/wp-content\/uploads\/2020\/04\/neac6644-1024x775-1.jpg\" class=\"bg attachment-original size-original\" alt=\"Flugfiskekurs med guide\" \/>                                    \n                    <\/div>\n\t\t\n        <div class=\"banner-layers container\">\n            <div class=\"fill banner-link\"><\/div>            \n        <\/div>\n      <\/div>\n\n            \n<style>\n#banner-1041211278 {\n  padding-top: 500px;\n}\n#banner-1041211278 .banner-bg img {\n  object-position: 47% 58%;\n}\n<\/style>\n  <\/div>\n\n\n<\/div><\/div>\n<div class=\"col grid-col small-6 large-5 grid-col-1 hide-for-small\" ><div class=\"col-inner\">\n\n  <div class=\"banner has-hover\" id=\"banner-1105697921\">\n          <div class=\"banner-inner fill\">\n        <div class=\"banner-bg fill\" >\n            <img loading=\"lazy\" decoding=\"async\" width=\"2000\" height=\"1203\" src=\"https:\/\/alvdalenfiske.se\/wp-content\/uploads\/2020\/10\/2-kurser-1.jpg\" class=\"bg attachment-original size-original\" alt=\"\" \/>                                    \n                    <\/div>\n\t\t\n        <div class=\"banner-layers container\">\n            <div class=\"fill banner-link\"><\/div>            \n        <\/div>\n      <\/div>\n\n            \n<style>\n#banner-1105697921 {\n  padding-top: 500px;\n}\n#banner-1105697921 .banner-bg img {\n  object-position: 38% 55%;\n}\n<\/style>\n  <\/div>\n\n\n<\/div><\/div>\n<div class=\"col grid-col small-6 large-3 grid-col-1-2\" ><div class=\"col-inner\">\n\n  <div class=\"banner has-hover\" id=\"banner-524465089\">\n          <div class=\"banner-inner fill\">\n        <div class=\"banner-bg fill\" >\n            <img loading=\"lazy\" decoding=\"async\" width=\"2000\" height=\"1338\" src=\"https:\/\/alvdalenfiske.se\/wp-content\/uploads\/2020\/10\/2-kurser-3.jpg\" class=\"bg attachment-original size-original\" alt=\"\" \/>                                    \n                    <\/div>\n\t\t\n        <div class=\"banner-layers container\">\n            <div class=\"fill banner-link\"><\/div>            \n        <\/div>\n      <\/div>\n\n            \n<style>\n#banner-524465089 {\n  padding-top: 500px;\n}\n#banner-524465089 .banner-bg img {\n  object-position: 59% 59%;\n}\n<\/style>\n  <\/div>\n\n\n<\/div><\/div>\n<div class=\"col grid-col small-6 large-3 grid-col-1-2\" ><div class=\"col-inner\">\n\n  <div class=\"banner has-hover\" id=\"banner-751376746\">\n          <div class=\"banner-inner fill\">\n        <div class=\"banner-bg fill\" >\n            <img loading=\"lazy\" decoding=\"async\" width=\"2000\" height=\"1230\" src=\"https:\/\/alvdalenfiske.se\/wp-content\/uploads\/2020\/10\/2-kurser-2.jpg\" class=\"bg attachment-original size-original\" alt=\"\" \/>                                    \n                    <\/div>\n\t\t\n        <div class=\"banner-layers container\">\n            <div class=\"fill banner-link\"><\/div>            \n        <\/div>\n      <\/div>\n\n            \n<style>\n#banner-751376746 {\n  padding-top: 500px;\n}\n#banner-751376746 .banner-bg img {\n  object-position: 48% 52%;\n}\n<\/style>\n  <\/div>\n\n\n<\/div><\/div>\n<div class=\"col grid-col large-12 grid-col-1\" ><div class=\"col-inner\">\n\n  <div class=\"banner has-hover\" id=\"banner-749616421\">\n          <div class=\"banner-inner fill\">\n        <div class=\"banner-bg fill\" >\n            <img loading=\"lazy\" decoding=\"async\" width=\"1706\" height=\"2560\" src=\"https:\/\/alvdalenfiske.se\/wp-content\/uploads\/2020\/04\/alex2-scaled.jpg\" class=\"bg attachment-original size-original\" alt=\"\" \/>                                    \n                    <\/div>\n\t\t\n        <div class=\"banner-layers container\">\n            <div class=\"fill banner-link\"><\/div>            \n        <\/div>\n      <\/div>\n\n            \n<style>\n#banner-749616421 {\n  padding-top: 500px;\n}\n#banner-749616421 .banner-bg img {\n  object-position: 63% 30%;\n}\n<\/style>\n  <\/div>\n\n\n<\/div><\/div>\n            <\/div>\n    <style>\n    #banner-grid-597978396 .grid-col-1{height: 400px}\n    #banner-grid-597978396 .grid-col-1-2{height: 200px}\n    #banner-grid-597978396 .grid-col-1-3{height:133.33333333333px}\n    #banner-grid-597978396 .grid-col-2-3{height: 266.66666666667px}\n    #banner-grid-597978396 .grid-col-1-4{height: 100px}\n    #banner-grid-597978396 .grid-col-3-4{height: 300px}\n\n\n    \n    \n\n  <\/style>\n    <\/div>\n  \n\t\t<\/div>\n\t\t\t\t\t<\/div>\n\n\t\n<\/div>\n\t\t<\/div>\n\n\t\t\n<style>\n#section_2134704989 {\n  padding-top: 30px;\n  padding-bottom: 30px;\n}\n@media (min-width:550px) {\n  #section_2134704989 {\n    padding-top: 60px;\n    padding-bottom: 60px;\n  }\n}\n@media (min-width:850px) {\n  #section_2134704989 {\n    padding-top: 90px;\n    padding-bottom: 90px;\n  }\n}\n<\/style>\n\t<\/section>\n\t\n","protected":false},"excerpt":{"rendered":"","protected":false},"author":2,"featured_media":0,"parent":0,"menu_order":0,"comment_status":"closed","ping_status":"closed","template":"page-blank.php","meta":{"footnotes":""},"class_list":["post-4403","page","type-page","status-publish","hentry"],"yoast_head":"<!-- This site is optimized with the Yoast SEO plugin v27.4 - https:\/\/yoast.com\/product\/yoast-seo-wordpress\/ -->\n<title>Flugfiskekurser f\u00f6r alla fiskare | \u00c4lvdalens Fiskecenter - fiska i Dalarna<\/title>\n<meta name=\"description\" content=\"Vill du bli en b\u00e4ttre flugfiskare? G\u00e5 en flugfiskekurs hos oss p\u00e5 \u00c4lvdalens Fiskecenter. V\u00e4lj mellan grundkurs, p\u00e5byggnadkurs och flugfiskeweekend.\" \/>\n<meta name=\"robots\" content=\"index, follow, max-snippet:-1, max-image-preview:large, max-video-preview:-1\" \/>\n<link rel=\"canonical\" href=\"https:\/\/alvdalenfiske.se\/de\/unsere-kurse\/\" \/>\n<meta property=\"og:locale\" content=\"de_DE\" \/>\n<meta property=\"og:type\" content=\"article\" \/>\n<meta property=\"og:title\" content=\"Flugfiskekurser f\u00f6r alla fiskare | \u00c4lvdalens Fiskecenter - fiska i Dalarna\" \/>\n<meta property=\"og:description\" content=\"Vill du bli en b\u00e4ttre flugfiskare? G\u00e5 en flugfiskekurs hos oss p\u00e5 \u00c4lvdalens Fiskecenter. V\u00e4lj mellan grundkurs, p\u00e5byggnadkurs och flugfiskeweekend.\" \/>\n<meta property=\"og:url\" content=\"https:\/\/alvdalenfiske.se\/de\/unsere-kurse\/\" \/>\n<meta property=\"og:site_name\" content=\"\u00c4lvdalens Fiskecenter - fiska i Dalarna\" \/>\n<meta property=\"article:modified_time\" content=\"2020-10-13T12:48:41+00:00\" \/>\n<meta name=\"twitter:card\" content=\"summary_large_image\" \/>\n<meta name=\"twitter:label1\" content=\"Gesch\u00e4tzte Lesezeit\" \/>\n\t<meta name=\"twitter:data1\" content=\"1\u00a0Minute\" \/>\n<script type=\"application\/ld+json\" class=\"yoast-schema-graph\">{\"@context\":\"https:\\\/\\\/schema.org\",\"@graph\":[{\"@type\":\"WebPage\",\"@id\":\"https:\\\/\\\/alvdalenfiske.se\\\/de\\\/unsere-kurse\\\/\",\"url\":\"https:\\\/\\\/alvdalenfiske.se\\\/de\\\/unsere-kurse\\\/\",\"name\":\"Flugfiskekurser f\u00f6r alla fiskare | \u00c4lvdalens Fiskecenter - fiska i Dalarna\",\"isPartOf\":{\"@id\":\"https:\\\/\\\/alvdalenfiske.se\\\/#website\"},\"datePublished\":\"2020-04-23T08:58:46+00:00\",\"dateModified\":\"2020-10-13T12:48:41+00:00\",\"description\":\"Vill du bli en b\u00e4ttre flugfiskare? G\u00e5 en flugfiskekurs hos oss p\u00e5 \u00c4lvdalens Fiskecenter. V\u00e4lj mellan grundkurs, p\u00e5byggnadkurs och flugfiskeweekend.\",\"breadcrumb\":{\"@id\":\"https:\\\/\\\/alvdalenfiske.se\\\/de\\\/unsere-kurse\\\/#breadcrumb\"},\"inLanguage\":\"de\",\"potentialAction\":[{\"@type\":\"ReadAction\",\"target\":[\"https:\\\/\\\/alvdalenfiske.se\\\/de\\\/unsere-kurse\\\/\"]}]},{\"@type\":\"BreadcrumbList\",\"@id\":\"https:\\\/\\\/alvdalenfiske.se\\\/de\\\/unsere-kurse\\\/#breadcrumb\",\"itemListElement\":[{\"@type\":\"ListItem\",\"position\":1,\"name\":\"Hem\",\"item\":\"https:\\\/\\\/alvdalenfiske.se\\\/de\\\/\"},{\"@type\":\"ListItem\",\"position\":2,\"name\":\"Unsere Kurse\"}]},{\"@type\":\"WebSite\",\"@id\":\"https:\\\/\\\/alvdalenfiske.se\\\/#website\",\"url\":\"https:\\\/\\\/alvdalenfiske.se\\\/\",\"name\":\"\u00c4lvdalens Fiskecenter - fiska i Dalarna\",\"description\":\"Where the big fishes lures\",\"potentialAction\":[{\"@type\":\"SearchAction\",\"target\":{\"@type\":\"EntryPoint\",\"urlTemplate\":\"https:\\\/\\\/alvdalenfiske.se\\\/?s={search_term_string}\"},\"query-input\":{\"@type\":\"PropertyValueSpecification\",\"valueRequired\":true,\"valueName\":\"search_term_string\"}}],\"inLanguage\":\"de\"}]}<\/script>\n<!-- \/ Yoast SEO plugin. -->","yoast_head_json":{"title":"Flugfiskekurser f\u00f6r alla fiskare | \u00c4lvdalens Fiskecenter - fiska i Dalarna","description":"Vill du bli en b\u00e4ttre flugfiskare? G\u00e5 en flugfiskekurs hos oss p\u00e5 \u00c4lvdalens Fiskecenter. V\u00e4lj mellan grundkurs, p\u00e5byggnadkurs och flugfiskeweekend.","robots":{"index":"index","follow":"follow","max-snippet":"max-snippet:-1","max-image-preview":"max-image-preview:large","max-video-preview":"max-video-preview:-1"},"canonical":"https:\/\/alvdalenfiske.se\/de\/unsere-kurse\/","og_locale":"de_DE","og_type":"article","og_title":"Flugfiskekurser f\u00f6r alla fiskare | \u00c4lvdalens Fiskecenter - fiska i Dalarna","og_description":"Vill du bli en b\u00e4ttre flugfiskare? G\u00e5 en flugfiskekurs hos oss p\u00e5 \u00c4lvdalens Fiskecenter. V\u00e4lj mellan grundkurs, p\u00e5byggnadkurs och flugfiskeweekend.","og_url":"https:\/\/alvdalenfiske.se\/de\/unsere-kurse\/","og_site_name":"\u00c4lvdalens Fiskecenter - fiska i Dalarna","article_modified_time":"2020-10-13T12:48:41+00:00","twitter_card":"summary_large_image","twitter_misc":{"Gesch\u00e4tzte Lesezeit":"1\u00a0Minute"},"schema":{"@context":"https:\/\/schema.org","@graph":[{"@type":"WebPage","@id":"https:\/\/alvdalenfiske.se\/de\/unsere-kurse\/","url":"https:\/\/alvdalenfiske.se\/de\/unsere-kurse\/","name":"Flugfiskekurser f\u00f6r alla fiskare | \u00c4lvdalens Fiskecenter - fiska i Dalarna","isPartOf":{"@id":"https:\/\/alvdalenfiske.se\/#website"},"datePublished":"2020-04-23T08:58:46+00:00","dateModified":"2020-10-13T12:48:41+00:00","description":"Vill du bli en b\u00e4ttre flugfiskare? G\u00e5 en flugfiskekurs hos oss p\u00e5 \u00c4lvdalens Fiskecenter. V\u00e4lj mellan grundkurs, p\u00e5byggnadkurs och flugfiskeweekend.","breadcrumb":{"@id":"https:\/\/alvdalenfiske.se\/de\/unsere-kurse\/#breadcrumb"},"inLanguage":"de","potentialAction":[{"@type":"ReadAction","target":["https:\/\/alvdalenfiske.se\/de\/unsere-kurse\/"]}]},{"@type":"BreadcrumbList","@id":"https:\/\/alvdalenfiske.se\/de\/unsere-kurse\/#breadcrumb","itemListElement":[{"@type":"ListItem","position":1,"name":"Hem","item":"https:\/\/alvdalenfiske.se\/de\/"},{"@type":"ListItem","position":2,"name":"Unsere Kurse"}]},{"@type":"WebSite","@id":"https:\/\/alvdalenfiske.se\/#website","url":"https:\/\/alvdalenfiske.se\/","name":"\u00c4lvdalens Fiskecenter - fiska i Dalarna","description":"Where the big fishes lures","potentialAction":[{"@type":"SearchAction","target":{"@type":"EntryPoint","urlTemplate":"https:\/\/alvdalenfiske.se\/?s={search_term_string}"},"query-input":{"@type":"PropertyValueSpecification","valueRequired":true,"valueName":"search_term_string"}}],"inLanguage":"de"}]}},"_links":{"self":[{"href":"https:\/\/alvdalenfiske.se\/de\/wp-json\/wp\/v2\/pages\/4403","targetHints":{"allow":["GET"]}}],"collection":[{"href":"https:\/\/alvdalenfiske.se\/de\/wp-json\/wp\/v2\/pages"}],"about":[{"href":"https:\/\/alvdalenfiske.se\/de\/wp-json\/wp\/v2\/types\/page"}],"author":[{"embeddable":true,"href":"https:\/\/alvdalenfiske.se\/de\/wp-json\/wp\/v2\/users\/2"}],"replies":[{"embeddable":true,"href":"https:\/\/alvdalenfiske.se\/de\/wp-json\/wp\/v2\/comments?post=4403"}],"version-history":[{"count":8,"href":"https:\/\/alvdalenfiske.se\/de\/wp-json\/wp\/v2\/pages\/4403\/revisions"}],"predecessor-version":[{"id":5365,"href":"https:\/\/alvdalenfiske.se\/de\/wp-json\/wp\/v2\/pages\/4403\/revisions\/5365"}],"wp:attachment":[{"href":"https:\/\/alvdalenfiske.se\/de\/wp-json\/wp\/v2\/media?parent=4403"}],"curies":[{"name":"wp","href":"https:\/\/api.w.org\/{rel}","templated":true}]}}