{"id":2310,"date":"2017-03-06T11:21:39","date_gmt":"2017-03-06T10:21:39","guid":{"rendered":"https:\/\/alvdalenfiske.se\/annat-boende\/"},"modified":"2020-10-13T15:16:00","modified_gmt":"2020-10-13T13:16:00","slug":"other-accommodation","status":"publish","type":"page","link":"https:\/\/alvdalenfiske.se\/en\/other-accommodation\/","title":{"rendered":"Other accommodation"},"content":{"rendered":"\n\t<section class=\"section sid-header dark has-parallax\" id=\"section_2022661524\">\n\t\t<div class=\"section-bg fill\" data-parallax-container=\".section\" data-parallax-background data-parallax=\"-5\">\n\t\t\t<img loading=\"lazy\" decoding=\"async\" width=\"2000\" height=\"1333\" src=\"https:\/\/alvdalenfiske.se\/wp-content\/uploads\/2020\/10\/5-1-annat-boende-3.jpg\" class=\"bg attachment-original size-original\" alt=\"\" \/>\t\t\t\t\t\t<div class=\"section-bg-overlay absolute fill\"><\/div>\n\t\t\t\n\n\t\t<\/div>\n\n\t\t\n\n\t\t<div class=\"section-content relative\">\n\t\t\t\n<div class=\"row align-right header-text\"  id=\"row-88902163\">\n\n\t<div id=\"col-1962845765\" class=\"col medium-6 small-12 large-12\"  >\n\t\t\t\t<div class=\"col-inner dark\"  >\n\t\t\t\n\t\t\t\n<h1 style=\"text-align: right;\">OTHER ACCOMMODATION<\/h1>\n\t\t<\/div>\n\t\t\t\t\t<\/div>\n\n\t\n<\/div>\n\t\t<\/div>\n\n\t\t\n<style>\n#section_2022661524 {\n  padding-top: 90px;\n  padding-bottom: 90px;\n  min-height: 400px;\n}\n#section_2022661524 .section-bg-overlay {\n  background-color: rgba(0,0,0,.5);\n}\n#section_2022661524 .section-bg img {\n  object-position: 81% 82%;\n}\n@media (min-width:550px) {\n  #section_2022661524 {\n    padding-top: 90px;\n    padding-bottom: 90px;\n  }\n}\n@media (min-width:850px) {\n  #section_2022661524 {\n    min-height: 300px;\n  }\n}\n<\/style>\n\t<\/section>\n\t\n\n\t<section class=\"section\" id=\"section_1459426965\">\n\t\t<div class=\"section-bg fill\" >\n\t\t\t\t\t\t\t\t\t\n\t\t\t\n\n\t\t<\/div>\n\n\t\t\n\n\t\t<div class=\"section-content relative\">\n\t\t\t\n<div class=\"row\"  id=\"row-1171419919\">\n\n\t<div id=\"col-1451976607\" class=\"col medium-8 small-12 large-8\"  >\n\t\t\t\t<div class=\"col-inner text-left\"  >\n\t\t\t\n\t\t\t\n<p><strong><a href=\"http:\/\/alvdalenturism.se\/\">\u00c4lvdalen Tourist Office<\/a><\/strong> <br \/>Tel + 46 (0)251 &#8211; 410 10<\/p>\n<p><strong><a href=\"http:\/\/www.hotellalvdalen.se\/sv\/\">Hotel \u00c4lvdalen<\/a><\/strong><br \/>Well-run hotel with, among other things, whirlpool and sauna. Good kitchen.<br \/>Tel. + 46 (0)251 &#8211; 105 00<\/p>\n<p><strong><a href=\"http:\/\/www.hedgarden.nu\/\">Hedg\u00e5rden<\/a><\/strong><br \/>Stay at Farm, Room &amp; Breakfast.<br \/>Nice rooms and excellent service.<br \/>Tel. + 46 (0)251 &#8211; 100 43<\/p>\n\t\t<\/div>\n\t\t\t\t\t<\/div>\n\n\t\n\n\t<div id=\"col-83513516\" class=\"col medium-4 small-12 large-4\"  >\n\t\t\t\t<div class=\"col-inner dark\"  >\n\t\t\t\n\t\t\t\n\t<div class=\"img has-hover x md-x lg-x y md-y lg-y\" id=\"image_589209441\">\n\t\t\t\t\t\t\t\t<div class=\"img-inner dark\" >\n\t\t\t<img loading=\"lazy\" decoding=\"async\" width=\"1020\" height=\"552\" src=\"https:\/\/alvdalenfiske.se\/wp-content\/uploads\/2020\/04\/Fall-river-1024x554.jpg\" class=\"attachment-large size-large\" alt=\"\" srcset=\"https:\/\/alvdalenfiske.se\/wp-content\/uploads\/2020\/04\/Fall-river-1024x554.jpg 1024w, https:\/\/alvdalenfiske.se\/wp-content\/uploads\/2020\/04\/Fall-river-300x162.jpg 300w, https:\/\/alvdalenfiske.se\/wp-content\/uploads\/2020\/04\/Fall-river-768x416.jpg 768w, https:\/\/alvdalenfiske.se\/wp-content\/uploads\/2020\/04\/Fall-river-1536x832.jpg 1536w, https:\/\/alvdalenfiske.se\/wp-content\/uploads\/2020\/04\/Fall-river.jpg 2000w\" sizes=\"auto, (max-width: 1020px) 100vw, 1020px\" \/>\t\t\t\t\t\t\n\t\t\t\t\t<\/div>\n\t\t\t\t\t\t\t\t\n<style>\n#image_589209441 {\n  width: 100%;\n}\n<\/style>\n\t<\/div>\n\t\n\t\t<\/div>\n\t\t\t\t\t<\/div>\n\n\t\n<\/div>\n\t\t<\/div>\n\n\t\t\n<style>\n#section_1459426965 {\n  padding-top: 30px;\n  padding-bottom: 30px;\n}\n@media (min-width:550px) {\n  #section_1459426965 {\n    padding-top: 60px;\n    padding-bottom: 60px;\n  }\n}\n@media (min-width:850px) {\n  #section_1459426965 {\n    padding-top: 90px;\n    padding-bottom: 90px;\n  }\n}\n<\/style>\n\t<\/section>\n\t\n","protected":false},"excerpt":{"rendered":"","protected":false},"author":2,"featured_media":0,"parent":0,"menu_order":0,"comment_status":"closed","ping_status":"closed","template":"page-blank.php","meta":{"footnotes":""},"class_list":["post-2310","page","type-page","status-publish","hentry"],"yoast_head":"<!-- This site is optimized with the Yoast SEO plugin v27.4 - https:\/\/yoast.com\/product\/yoast-seo-wordpress\/ -->\n<title>Bo p\u00e5 Hotell eller vandrarhem i \u00c4lvdalen | \u00c4lvdalen Fiske<\/title>\n<meta name=\"description\" content=\"S\u00f6ker du boende p\u00e5 vandrarhem eller hotell i \u00c4lvdalen? H\u00e4r ger vi f\u00f6rslag p\u00e5 n\u00e5gra av de boenden som brukar vara omtyckta.\" \/>\n<meta name=\"robots\" content=\"index, follow, max-snippet:-1, max-image-preview:large, max-video-preview:-1\" \/>\n<link rel=\"canonical\" href=\"https:\/\/alvdalenfiske.se\/en\/other-accommodation\/\" \/>\n<meta property=\"og:locale\" content=\"en_US\" \/>\n<meta property=\"og:type\" content=\"article\" \/>\n<meta property=\"og:title\" content=\"Bo p\u00e5 Hotell eller vandrarhem i \u00c4lvdalen | \u00c4lvdalen Fiske\" \/>\n<meta property=\"og:description\" content=\"S\u00f6ker du boende p\u00e5 vandrarhem eller hotell i \u00c4lvdalen? H\u00e4r ger vi f\u00f6rslag p\u00e5 n\u00e5gra av de boenden som brukar vara omtyckta.\" \/>\n<meta property=\"og:url\" content=\"https:\/\/alvdalenfiske.se\/en\/other-accommodation\/\" \/>\n<meta property=\"og:site_name\" content=\"\u00c4lvdalens Fiskecenter - fiska i Dalarna\" \/>\n<meta property=\"article:modified_time\" content=\"2020-10-13T13:16:00+00:00\" \/>\n<meta name=\"twitter:card\" content=\"summary_large_image\" \/>\n<meta name=\"twitter:label1\" content=\"Est. reading time\" \/>\n\t<meta name=\"twitter:data1\" content=\"1 minute\" \/>\n<script type=\"application\/ld+json\" class=\"yoast-schema-graph\">{\"@context\":\"https:\\\/\\\/schema.org\",\"@graph\":[{\"@type\":\"WebPage\",\"@id\":\"https:\\\/\\\/alvdalenfiske.se\\\/en\\\/other-accommodation\\\/\",\"url\":\"https:\\\/\\\/alvdalenfiske.se\\\/en\\\/other-accommodation\\\/\",\"name\":\"Bo p\u00e5 Hotell eller vandrarhem i \u00c4lvdalen | \u00c4lvdalen Fiske\",\"isPartOf\":{\"@id\":\"https:\\\/\\\/alvdalenfiske.se\\\/#website\"},\"datePublished\":\"2017-03-06T10:21:39+00:00\",\"dateModified\":\"2020-10-13T13:16:00+00:00\",\"description\":\"S\u00f6ker du boende p\u00e5 vandrarhem eller hotell i \u00c4lvdalen? H\u00e4r ger vi f\u00f6rslag p\u00e5 n\u00e5gra av de boenden som brukar vara omtyckta.\",\"breadcrumb\":{\"@id\":\"https:\\\/\\\/alvdalenfiske.se\\\/en\\\/other-accommodation\\\/#breadcrumb\"},\"inLanguage\":\"en-US\",\"potentialAction\":[{\"@type\":\"ReadAction\",\"target\":[\"https:\\\/\\\/alvdalenfiske.se\\\/en\\\/other-accommodation\\\/\"]}]},{\"@type\":\"BreadcrumbList\",\"@id\":\"https:\\\/\\\/alvdalenfiske.se\\\/en\\\/other-accommodation\\\/#breadcrumb\",\"itemListElement\":[{\"@type\":\"ListItem\",\"position\":1,\"name\":\"Hem\",\"item\":\"https:\\\/\\\/alvdalenfiske.se\\\/en\\\/\"},{\"@type\":\"ListItem\",\"position\":2,\"name\":\"Other accommodation\"}]},{\"@type\":\"WebSite\",\"@id\":\"https:\\\/\\\/alvdalenfiske.se\\\/#website\",\"url\":\"https:\\\/\\\/alvdalenfiske.se\\\/\",\"name\":\"\u00c4lvdalens Fiskecenter - fiska i Dalarna\",\"description\":\"Where the big fishes lures\",\"potentialAction\":[{\"@type\":\"SearchAction\",\"target\":{\"@type\":\"EntryPoint\",\"urlTemplate\":\"https:\\\/\\\/alvdalenfiske.se\\\/?s={search_term_string}\"},\"query-input\":{\"@type\":\"PropertyValueSpecification\",\"valueRequired\":true,\"valueName\":\"search_term_string\"}}],\"inLanguage\":\"en-US\"}]}<\/script>\n<!-- \/ Yoast SEO plugin. -->","yoast_head_json":{"title":"Bo p\u00e5 Hotell eller vandrarhem i \u00c4lvdalen | \u00c4lvdalen Fiske","description":"S\u00f6ker du boende p\u00e5 vandrarhem eller hotell i \u00c4lvdalen? H\u00e4r ger vi f\u00f6rslag p\u00e5 n\u00e5gra av de boenden som brukar vara omtyckta.","robots":{"index":"index","follow":"follow","max-snippet":"max-snippet:-1","max-image-preview":"max-image-preview:large","max-video-preview":"max-video-preview:-1"},"canonical":"https:\/\/alvdalenfiske.se\/en\/other-accommodation\/","og_locale":"en_US","og_type":"article","og_title":"Bo p\u00e5 Hotell eller vandrarhem i \u00c4lvdalen | \u00c4lvdalen Fiske","og_description":"S\u00f6ker du boende p\u00e5 vandrarhem eller hotell i \u00c4lvdalen? H\u00e4r ger vi f\u00f6rslag p\u00e5 n\u00e5gra av de boenden som brukar vara omtyckta.","og_url":"https:\/\/alvdalenfiske.se\/en\/other-accommodation\/","og_site_name":"\u00c4lvdalens Fiskecenter - fiska i Dalarna","article_modified_time":"2020-10-13T13:16:00+00:00","twitter_card":"summary_large_image","twitter_misc":{"Est. reading time":"1 minute"},"schema":{"@context":"https:\/\/schema.org","@graph":[{"@type":"WebPage","@id":"https:\/\/alvdalenfiske.se\/en\/other-accommodation\/","url":"https:\/\/alvdalenfiske.se\/en\/other-accommodation\/","name":"Bo p\u00e5 Hotell eller vandrarhem i \u00c4lvdalen | \u00c4lvdalen Fiske","isPartOf":{"@id":"https:\/\/alvdalenfiske.se\/#website"},"datePublished":"2017-03-06T10:21:39+00:00","dateModified":"2020-10-13T13:16:00+00:00","description":"S\u00f6ker du boende p\u00e5 vandrarhem eller hotell i \u00c4lvdalen? H\u00e4r ger vi f\u00f6rslag p\u00e5 n\u00e5gra av de boenden som brukar vara omtyckta.","breadcrumb":{"@id":"https:\/\/alvdalenfiske.se\/en\/other-accommodation\/#breadcrumb"},"inLanguage":"en-US","potentialAction":[{"@type":"ReadAction","target":["https:\/\/alvdalenfiske.se\/en\/other-accommodation\/"]}]},{"@type":"BreadcrumbList","@id":"https:\/\/alvdalenfiske.se\/en\/other-accommodation\/#breadcrumb","itemListElement":[{"@type":"ListItem","position":1,"name":"Hem","item":"https:\/\/alvdalenfiske.se\/en\/"},{"@type":"ListItem","position":2,"name":"Other accommodation"}]},{"@type":"WebSite","@id":"https:\/\/alvdalenfiske.se\/#website","url":"https:\/\/alvdalenfiske.se\/","name":"\u00c4lvdalens Fiskecenter - fiska i Dalarna","description":"Where the big fishes lures","potentialAction":[{"@type":"SearchAction","target":{"@type":"EntryPoint","urlTemplate":"https:\/\/alvdalenfiske.se\/?s={search_term_string}"},"query-input":{"@type":"PropertyValueSpecification","valueRequired":true,"valueName":"search_term_string"}}],"inLanguage":"en-US"}]}},"_links":{"self":[{"href":"https:\/\/alvdalenfiske.se\/en\/wp-json\/wp\/v2\/pages\/2310","targetHints":{"allow":["GET"]}}],"collection":[{"href":"https:\/\/alvdalenfiske.se\/en\/wp-json\/wp\/v2\/pages"}],"about":[{"href":"https:\/\/alvdalenfiske.se\/en\/wp-json\/wp\/v2\/types\/page"}],"author":[{"embeddable":true,"href":"https:\/\/alvdalenfiske.se\/en\/wp-json\/wp\/v2\/users\/2"}],"replies":[{"embeddable":true,"href":"https:\/\/alvdalenfiske.se\/en\/wp-json\/wp\/v2\/comments?post=2310"}],"version-history":[{"count":9,"href":"https:\/\/alvdalenfiske.se\/en\/wp-json\/wp\/v2\/pages\/2310\/revisions"}],"predecessor-version":[{"id":5380,"href":"https:\/\/alvdalenfiske.se\/en\/wp-json\/wp\/v2\/pages\/2310\/revisions\/5380"}],"wp:attachment":[{"href":"https:\/\/alvdalenfiske.se\/en\/wp-json\/wp\/v2\/media?parent=2310"}],"curies":[{"name":"wp","href":"https:\/\/api.w.org\/{rel}","templated":true}]}}