{"id":2471,"date":"2017-03-06T11:16:06","date_gmt":"2017-03-06T10:16:06","guid":{"rendered":"https:\/\/alvdalenfiske.se\/fisket\/"},"modified":"2020-10-13T13:59:01","modified_gmt":"2020-10-13T11:59:01","slug":"fishing","status":"publish","type":"page","link":"https:\/\/alvdalenfiske.se\/en\/fishing\/","title":{"rendered":"Fishing"},"content":{"rendered":"\n\t<section class=\"section sid-header dark has-parallax\" id=\"section_550490000\">\n\t\t<div class=\"section-bg fill\" data-parallax-container=\".section\" data-parallax-background data-parallax=\"-5\">\n\t\t\t<img loading=\"lazy\" decoding=\"async\" width=\"2500\" height=\"1667\" src=\"https:\/\/alvdalenfiske.se\/wp-content\/uploads\/2020\/04\/bro.jpg\" class=\"bg attachment-original size-original\" alt=\"Trolska fiskevatten i Dalarna\" \/>\t\t\t\t\t\t<div class=\"section-bg-overlay absolute fill\"><\/div>\n\t\t\t\n\n\t\t<\/div>\n\n\t\t\n\n\t\t<div class=\"section-content relative\">\n\t\t\t\n<div class=\"row align-right header-text\"  id=\"row-607089533\">\n\n\t<div id=\"col-1583927783\" class=\"col medium-6 small-12 large-12\"  >\n\t\t\t\t<div class=\"col-inner dark\"  >\n\t\t\t\n\t\t\t\n<h1 style=\"text-align: right;\">FISHING IN NORTHERN DALARNA<\/h1>\n<p style=\"text-align: right;\">THERE IS A LARGE NUMBER OF FISHING WATERS IN \u00c4LVDALEN<\/p>\n\t\t<\/div>\n\t\t\t\t\t<\/div>\n\n\t\n<\/div>\n\t\t<\/div>\n\n\t\t\n<style>\n#section_550490000 {\n  padding-top: 90px;\n  padding-bottom: 90px;\n  min-height: 400px;\n}\n#section_550490000 .section-bg-overlay {\n  background-color: rgba(0,0,0,.5);\n}\n#section_550490000 .section-bg img {\n  object-position: 31% 100%;\n}\n@media (min-width:550px) {\n  #section_550490000 {\n    padding-top: 90px;\n    padding-bottom: 90px;\n  }\n}\n@media (min-width:850px) {\n  #section_550490000 {\n    min-height: 300px;\n  }\n}\n<\/style>\n\t<\/section>\n\t\n\n\t<section class=\"section\" id=\"section_1529932309\">\n\t\t<div class=\"section-bg fill\" >\n\t\t\t\t\t\t\t\t\t\n\t\t\t\n\n\t\t<\/div>\n\n\t\t\n\n\t\t<div class=\"section-content relative\">\n\t\t\t\n<div class=\"row\"  id=\"row-1915250046\">\n\n\t<div id=\"col-1980610469\" class=\"col medium-8 small-12 large-8\"  >\n\t\t\t\t<div class=\"col-inner text-left\"  >\n\t\t\t\n\t\t\t\n<h3>\u00c4LVDALEN IS SITUATED IN THE NORTH CORNER OF THE DALARNA PROVINCE CLOSE TO THE MOUNTAINS, APPROXIMATELY 40 KM NORTH OF MORA<\/h3>\n<p><strong>\u00c4lvdalen offers a great variety of fishing possibilities from stream-fishing to fishing in ponds, lakes and brooks.<\/strong><\/p>\n<p>The area has approximately 230 km of rivers and streams and 400 lakes and ponds all included in the same fishing licence. In the streams you will find trout and grayling and in lakes and ponds trout and char. Welcome to splendid wilderness fishing in the heart of Sweden. Fishing season opens in May and In our shop you\u2019ll find everything you need to make your fishing-trip a successful one.continues until the end of Oktober.<\/p>\n<h3>EXPERIENCE FISHING IN AN UNTOUCHED WILDERNESS!<\/h3>\n<p><strong>\u00c4lvdalens Fiskecenter is situated at the \u00c4lvdalens Camping, not far from the town centre.<\/strong><\/p>\n<p>We are specialized in fishing in the \u00c4lvdalen area and we will do our very best to help you to make your angling experience something to remember.<\/p>\n<p>Need to update your fishing gear? In our shop you will find anything you need. We are glad to help.<\/p>\n<p>Is it the first time you visit \u00c4lvdalen, or are you having problems with \u201ccracking the code\u201d? Our guides can help you work things out. A whole day, a half day or maybe just for an hour.<\/p>\n<p>Courses for the experienced flyfisher as well as the beginner. Learn different ways to cast a fly. How to fish a dryfly in the streams. How to use a nymph or a streamer. It\u2019s our goal to make you a better fisherman.<br \/>Our guides will teach you everything about techniques, choice of flies and tactics.<\/p>\n<p>At the center you can rent boats, floattubes, waders, spinning- and flyequipment.<\/p>\n<p>Fishing permits: One day 50,- \/ Three days 130,- \/ Week 200,- \/ Year 500,- \u2013 All prices in Swedish kronor \/ SEK<\/p>\n<h4>\u2013 WELCOME TO \u00c4LVDALENS FISKECENTER.<\/h4>\n\t\t<\/div>\n\t\t\t\t\t<\/div>\n\n\t\n\n\t<div id=\"col-318630203\" class=\"col pris-aktivitet medium-4 small-12 large-4\"  >\n\t\t\t\t<div class=\"col-inner dark\"  >\n\t\t\t\n\t\t\t\n\n  \n    <div class=\"row large-columns-1 medium-columns-1 small-columns-2 row-xsmall\" >\n  <div class=\"gallery-col col\" >\n          <div class=\"col-inner\">\n            <a class=\"image-lightbox lightbox-gallery\" href=\"https:\/\/alvdalenfiske.se\/wp-content\/uploads\/2020\/04\/hMidsummer-trout-1-1024x707.jpg\" title=\"\">            <div class=\"box has-hover gallery-box box-normal\">\n              <div class=\"box-image\" >\n                <img loading=\"lazy\" decoding=\"async\" width=\"2500\" height=\"1726\" src=\"https:\/\/alvdalenfiske.se\/wp-content\/uploads\/2020\/04\/hMidsummer-trout-1.jpg\" class=\"attachment-original size-original\" alt=\"\" ids=\"4187,4189,5089,5095\" style=\"normal\" col_spacing=\"xsmall\" columns=\"1\" columns__sm=\"2\" columns__md=\"1\" image_size=\"original\" srcset=\"https:\/\/alvdalenfiske.se\/wp-content\/uploads\/2020\/04\/hMidsummer-trout-1.jpg 2500w, https:\/\/alvdalenfiske.se\/wp-content\/uploads\/2020\/04\/hMidsummer-trout-1-300x207.jpg 300w, https:\/\/alvdalenfiske.se\/wp-content\/uploads\/2020\/04\/hMidsummer-trout-1-1024x707.jpg 1024w, https:\/\/alvdalenfiske.se\/wp-content\/uploads\/2020\/04\/hMidsummer-trout-1-768x530.jpg 768w, https:\/\/alvdalenfiske.se\/wp-content\/uploads\/2020\/04\/hMidsummer-trout-1-1536x1060.jpg 1536w, https:\/\/alvdalenfiske.se\/wp-content\/uploads\/2020\/04\/hMidsummer-trout-1-2048x1414.jpg 2048w\" sizes=\"auto, (max-width: 2500px) 100vw, 2500px\" \/>                                                              <\/div>\n              <div class=\"box-text text-left\" >\n                 <p><\/p>\n              <\/div>\n            <\/div>\n            <\/a>          <\/div>\n         <\/div><div class=\"gallery-col col\" >\n          <div class=\"col-inner\">\n            <a class=\"image-lightbox lightbox-gallery\" href=\"https:\/\/alvdalenfiske.se\/wp-content\/uploads\/2020\/04\/O\u0308sterdalsa\u0308lven-19-06-10-33-Trout-1024x874.jpg\" title=\"\">            <div class=\"box has-hover gallery-box box-normal\">\n              <div class=\"box-image\" >\n                <img loading=\"lazy\" decoding=\"async\" width=\"2500\" height=\"2134\" src=\"https:\/\/alvdalenfiske.se\/wp-content\/uploads\/2020\/04\/O\u0308sterdalsa\u0308lven-19-06-10-33-Trout.jpg\" class=\"attachment-original size-original\" alt=\"\" ids=\"4187,4189,5089,5095\" style=\"normal\" col_spacing=\"xsmall\" columns=\"1\" columns__sm=\"2\" columns__md=\"1\" image_size=\"original\" srcset=\"https:\/\/alvdalenfiske.se\/wp-content\/uploads\/2020\/04\/O\u0308sterdalsa\u0308lven-19-06-10-33-Trout.jpg 2500w, https:\/\/alvdalenfiske.se\/wp-content\/uploads\/2020\/04\/O\u0308sterdalsa\u0308lven-19-06-10-33-Trout-300x256.jpg 300w, https:\/\/alvdalenfiske.se\/wp-content\/uploads\/2020\/04\/O\u0308sterdalsa\u0308lven-19-06-10-33-Trout-1024x874.jpg 1024w, https:\/\/alvdalenfiske.se\/wp-content\/uploads\/2020\/04\/O\u0308sterdalsa\u0308lven-19-06-10-33-Trout-768x656.jpg 768w, https:\/\/alvdalenfiske.se\/wp-content\/uploads\/2020\/04\/O\u0308sterdalsa\u0308lven-19-06-10-33-Trout-1536x1311.jpg 1536w, https:\/\/alvdalenfiske.se\/wp-content\/uploads\/2020\/04\/O\u0308sterdalsa\u0308lven-19-06-10-33-Trout-2048x1748.jpg 2048w\" sizes=\"auto, (max-width: 2500px) 100vw, 2500px\" \/>                                                              <\/div>\n              <div class=\"box-text text-left\" >\n                 <p><\/p>\n              <\/div>\n            <\/div>\n            <\/a>          <\/div>\n         <\/div><div class=\"gallery-col col\" >\n          <div class=\"col-inner\">\n            <a class=\"image-lightbox lightbox-gallery\" href=\"https:\/\/alvdalenfiske.se\/wp-content\/uploads\/2020\/10\/1-fisket-1-1024x983.jpg\" title=\"\">            <div class=\"box has-hover gallery-box box-normal\">\n              <div class=\"box-image\" >\n                <img loading=\"lazy\" decoding=\"async\" width=\"2000\" height=\"1920\" src=\"https:\/\/alvdalenfiske.se\/wp-content\/uploads\/2020\/10\/1-fisket-1.jpg\" class=\"attachment-original size-original\" alt=\"\" ids=\"4187,4189,5089,5095\" style=\"normal\" col_spacing=\"xsmall\" columns=\"1\" columns__sm=\"2\" columns__md=\"1\" image_size=\"original\" srcset=\"https:\/\/alvdalenfiske.se\/wp-content\/uploads\/2020\/10\/1-fisket-1.jpg 2000w, https:\/\/alvdalenfiske.se\/wp-content\/uploads\/2020\/10\/1-fisket-1-300x288.jpg 300w, https:\/\/alvdalenfiske.se\/wp-content\/uploads\/2020\/10\/1-fisket-1-1024x983.jpg 1024w, https:\/\/alvdalenfiske.se\/wp-content\/uploads\/2020\/10\/1-fisket-1-768x737.jpg 768w, https:\/\/alvdalenfiske.se\/wp-content\/uploads\/2020\/10\/1-fisket-1-1536x1475.jpg 1536w\" sizes=\"auto, (max-width: 2000px) 100vw, 2000px\" \/>                                                              <\/div>\n              <div class=\"box-text text-left\" >\n                 <p><\/p>\n              <\/div>\n            <\/div>\n            <\/a>          <\/div>\n         <\/div><div class=\"gallery-col col\" >\n          <div class=\"col-inner\">\n            <a class=\"image-lightbox lightbox-gallery\" href=\"https:\/\/alvdalenfiske.se\/wp-content\/uploads\/2020\/10\/1-fisket-3-682x1024.jpg\" title=\"\">            <div class=\"box has-hover gallery-box box-normal\">\n              <div class=\"box-image\" >\n                <img loading=\"lazy\" decoding=\"async\" width=\"1333\" height=\"2000\" src=\"https:\/\/alvdalenfiske.se\/wp-content\/uploads\/2020\/10\/1-fisket-3.jpg\" class=\"attachment-original size-original\" alt=\"\" ids=\"4187,4189,5089,5095\" style=\"normal\" col_spacing=\"xsmall\" columns=\"1\" columns__sm=\"2\" columns__md=\"1\" image_size=\"original\" srcset=\"https:\/\/alvdalenfiske.se\/wp-content\/uploads\/2020\/10\/1-fisket-3.jpg 1333w, https:\/\/alvdalenfiske.se\/wp-content\/uploads\/2020\/10\/1-fisket-3-200x300.jpg 200w, https:\/\/alvdalenfiske.se\/wp-content\/uploads\/2020\/10\/1-fisket-3-682x1024.jpg 682w, https:\/\/alvdalenfiske.se\/wp-content\/uploads\/2020\/10\/1-fisket-3-768x1152.jpg 768w, https:\/\/alvdalenfiske.se\/wp-content\/uploads\/2020\/10\/1-fisket-3-1024x1536.jpg 1024w\" sizes=\"auto, (max-width: 1333px) 100vw, 1333px\" \/>                                                              <\/div>\n              <div class=\"box-text text-left\" >\n                 <p><\/p>\n              <\/div>\n            <\/div>\n            <\/a>          <\/div>\n         <\/div><\/div>\n\t\t<\/div>\n\t\t\t\t\t<\/div>\n\n\t\n<\/div>\n\t\t<\/div>\n\n\t\t\n<style>\n#section_1529932309 {\n  padding-top: 30px;\n  padding-bottom: 30px;\n}\n@media (min-width:550px) {\n  #section_1529932309 {\n    padding-top: 60px;\n    padding-bottom: 60px;\n  }\n}\n@media (min-width:850px) {\n  #section_1529932309 {\n    padding-top: 90px;\n    padding-bottom: 90px;\n  }\n}\n<\/style>\n\t<\/section>\n\t\n","protected":false},"excerpt":{"rendered":"","protected":false},"author":2,"featured_media":0,"parent":0,"menu_order":0,"comment_status":"closed","ping_status":"closed","template":"page-blank.php","meta":{"footnotes":""},"class_list":["post-2471","page","type-page","status-publish","hentry"],"yoast_head":"<!-- This site is optimized with the Yoast SEO plugin v27.4 - https:\/\/yoast.com\/product\/yoast-seo-wordpress\/ -->\n<title>Norra Dalarnas b\u00e4sta fiskevatten| \u00c4lvdalens Fiskecenter - fiska i Dalarna<\/title>\n<meta name=\"description\" content=\"S\u00f6ker du efter fiskevatten i Dalarna? H\u00e4r finns allt fr\u00e5n fiske i str\u00f6mmande vatten till m\u00e4ngder med sj\u00f6ar och tj\u00e4rnar. Fiske f\u00f6r alla fiskare!\" \/>\n<meta name=\"robots\" content=\"index, follow, max-snippet:-1, max-image-preview:large, max-video-preview:-1\" \/>\n<link rel=\"canonical\" href=\"https:\/\/alvdalenfiske.se\/en\/fishing\/\" \/>\n<meta property=\"og:locale\" content=\"en_US\" \/>\n<meta property=\"og:type\" content=\"article\" \/>\n<meta property=\"og:title\" content=\"Norra Dalarnas b\u00e4sta fiskevatten| \u00c4lvdalens Fiskecenter - fiska i Dalarna\" \/>\n<meta property=\"og:description\" content=\"S\u00f6ker du efter fiskevatten i Dalarna? H\u00e4r finns allt fr\u00e5n fiske i str\u00f6mmande vatten till m\u00e4ngder med sj\u00f6ar och tj\u00e4rnar. Fiske f\u00f6r alla fiskare!\" \/>\n<meta property=\"og:url\" content=\"https:\/\/alvdalenfiske.se\/en\/fishing\/\" \/>\n<meta property=\"og:site_name\" content=\"\u00c4lvdalens Fiskecenter - fiska i Dalarna\" \/>\n<meta property=\"article:modified_time\" content=\"2020-10-13T11:59:01+00:00\" \/>\n<meta name=\"twitter:card\" content=\"summary_large_image\" \/>\n<meta name=\"twitter:label1\" content=\"Est. reading time\" \/>\n\t<meta name=\"twitter:data1\" content=\"2 minutes\" \/>\n<script type=\"application\/ld+json\" class=\"yoast-schema-graph\">{\"@context\":\"https:\\\/\\\/schema.org\",\"@graph\":[{\"@type\":\"WebPage\",\"@id\":\"https:\\\/\\\/alvdalenfiske.se\\\/en\\\/fishing\\\/\",\"url\":\"https:\\\/\\\/alvdalenfiske.se\\\/en\\\/fishing\\\/\",\"name\":\"Norra Dalarnas b\u00e4sta fiskevatten| \u00c4lvdalens Fiskecenter - fiska i Dalarna\",\"isPartOf\":{\"@id\":\"https:\\\/\\\/alvdalenfiske.se\\\/#website\"},\"datePublished\":\"2017-03-06T10:16:06+00:00\",\"dateModified\":\"2020-10-13T11:59:01+00:00\",\"description\":\"S\u00f6ker du efter fiskevatten i Dalarna? H\u00e4r finns allt fr\u00e5n fiske i str\u00f6mmande vatten till m\u00e4ngder med sj\u00f6ar och tj\u00e4rnar. Fiske f\u00f6r alla fiskare!\",\"breadcrumb\":{\"@id\":\"https:\\\/\\\/alvdalenfiske.se\\\/en\\\/fishing\\\/#breadcrumb\"},\"inLanguage\":\"en-US\",\"potentialAction\":[{\"@type\":\"ReadAction\",\"target\":[\"https:\\\/\\\/alvdalenfiske.se\\\/en\\\/fishing\\\/\"]}]},{\"@type\":\"BreadcrumbList\",\"@id\":\"https:\\\/\\\/alvdalenfiske.se\\\/en\\\/fishing\\\/#breadcrumb\",\"itemListElement\":[{\"@type\":\"ListItem\",\"position\":1,\"name\":\"Hem\",\"item\":\"https:\\\/\\\/alvdalenfiske.se\\\/en\\\/\"},{\"@type\":\"ListItem\",\"position\":2,\"name\":\"Fishing\"}]},{\"@type\":\"WebSite\",\"@id\":\"https:\\\/\\\/alvdalenfiske.se\\\/#website\",\"url\":\"https:\\\/\\\/alvdalenfiske.se\\\/\",\"name\":\"\u00c4lvdalens Fiskecenter - fiska i Dalarna\",\"description\":\"Where the big fishes lures\",\"potentialAction\":[{\"@type\":\"SearchAction\",\"target\":{\"@type\":\"EntryPoint\",\"urlTemplate\":\"https:\\\/\\\/alvdalenfiske.se\\\/?s={search_term_string}\"},\"query-input\":{\"@type\":\"PropertyValueSpecification\",\"valueRequired\":true,\"valueName\":\"search_term_string\"}}],\"inLanguage\":\"en-US\"}]}<\/script>\n<!-- \/ Yoast SEO plugin. -->","yoast_head_json":{"title":"Norra Dalarnas b\u00e4sta fiskevatten| \u00c4lvdalens Fiskecenter - fiska i Dalarna","description":"S\u00f6ker du efter fiskevatten i Dalarna? H\u00e4r finns allt fr\u00e5n fiske i str\u00f6mmande vatten till m\u00e4ngder med sj\u00f6ar och tj\u00e4rnar. Fiske f\u00f6r alla fiskare!","robots":{"index":"index","follow":"follow","max-snippet":"max-snippet:-1","max-image-preview":"max-image-preview:large","max-video-preview":"max-video-preview:-1"},"canonical":"https:\/\/alvdalenfiske.se\/en\/fishing\/","og_locale":"en_US","og_type":"article","og_title":"Norra Dalarnas b\u00e4sta fiskevatten| \u00c4lvdalens Fiskecenter - fiska i Dalarna","og_description":"S\u00f6ker du efter fiskevatten i Dalarna? H\u00e4r finns allt fr\u00e5n fiske i str\u00f6mmande vatten till m\u00e4ngder med sj\u00f6ar och tj\u00e4rnar. Fiske f\u00f6r alla fiskare!","og_url":"https:\/\/alvdalenfiske.se\/en\/fishing\/","og_site_name":"\u00c4lvdalens Fiskecenter - fiska i Dalarna","article_modified_time":"2020-10-13T11:59:01+00:00","twitter_card":"summary_large_image","twitter_misc":{"Est. reading time":"2 minutes"},"schema":{"@context":"https:\/\/schema.org","@graph":[{"@type":"WebPage","@id":"https:\/\/alvdalenfiske.se\/en\/fishing\/","url":"https:\/\/alvdalenfiske.se\/en\/fishing\/","name":"Norra Dalarnas b\u00e4sta fiskevatten| \u00c4lvdalens Fiskecenter - fiska i Dalarna","isPartOf":{"@id":"https:\/\/alvdalenfiske.se\/#website"},"datePublished":"2017-03-06T10:16:06+00:00","dateModified":"2020-10-13T11:59:01+00:00","description":"S\u00f6ker du efter fiskevatten i Dalarna? H\u00e4r finns allt fr\u00e5n fiske i str\u00f6mmande vatten till m\u00e4ngder med sj\u00f6ar och tj\u00e4rnar. Fiske f\u00f6r alla fiskare!","breadcrumb":{"@id":"https:\/\/alvdalenfiske.se\/en\/fishing\/#breadcrumb"},"inLanguage":"en-US","potentialAction":[{"@type":"ReadAction","target":["https:\/\/alvdalenfiske.se\/en\/fishing\/"]}]},{"@type":"BreadcrumbList","@id":"https:\/\/alvdalenfiske.se\/en\/fishing\/#breadcrumb","itemListElement":[{"@type":"ListItem","position":1,"name":"Hem","item":"https:\/\/alvdalenfiske.se\/en\/"},{"@type":"ListItem","position":2,"name":"Fishing"}]},{"@type":"WebSite","@id":"https:\/\/alvdalenfiske.se\/#website","url":"https:\/\/alvdalenfiske.se\/","name":"\u00c4lvdalens Fiskecenter - fiska i Dalarna","description":"Where the big fishes lures","potentialAction":[{"@type":"SearchAction","target":{"@type":"EntryPoint","urlTemplate":"https:\/\/alvdalenfiske.se\/?s={search_term_string}"},"query-input":{"@type":"PropertyValueSpecification","valueRequired":true,"valueName":"search_term_string"}}],"inLanguage":"en-US"}]}},"_links":{"self":[{"href":"https:\/\/alvdalenfiske.se\/en\/wp-json\/wp\/v2\/pages\/2471","targetHints":{"allow":["GET"]}}],"collection":[{"href":"https:\/\/alvdalenfiske.se\/en\/wp-json\/wp\/v2\/pages"}],"about":[{"href":"https:\/\/alvdalenfiske.se\/en\/wp-json\/wp\/v2\/types\/page"}],"author":[{"embeddable":true,"href":"https:\/\/alvdalenfiske.se\/en\/wp-json\/wp\/v2\/users\/2"}],"replies":[{"embeddable":true,"href":"https:\/\/alvdalenfiske.se\/en\/wp-json\/wp\/v2\/comments?post=2471"}],"version-history":[{"count":6,"href":"https:\/\/alvdalenfiske.se\/en\/wp-json\/wp\/v2\/pages\/2471\/revisions"}],"predecessor-version":[{"id":5347,"href":"https:\/\/alvdalenfiske.se\/en\/wp-json\/wp\/v2\/pages\/2471\/revisions\/5347"}],"wp:attachment":[{"href":"https:\/\/alvdalenfiske.se\/en\/wp-json\/wp\/v2\/media?parent=2471"}],"curies":[{"name":"wp","href":"https:\/\/api.w.org\/{rel}","templated":true}]}}